{"id":316,"date":"2022-09-06T14:09:09","date_gmt":"2022-09-06T14:09:09","guid":{"rendered":"https:\/\/jornalsemanal.com\/?page_id=316"},"modified":"2022-10-28T13:22:37","modified_gmt":"2022-10-28T13:22:37","slug":"%d8%b4%d8%b1%d9%88%d8%b7-%d8%a7%d9%84%d8%a7%d8%b3%d8%aa%d8%ae%d8%af%d8%a7%d9%85","status":"publish","type":"page","link":"https:\/\/jornalsemanal.com\/ar\/%d8%b4%d8%b1%d9%88%d8%b7-%d8%a7%d9%84%d8%a7%d8%b3%d8%aa%d8%ae%d8%af%d8%a7%d9%85\/","title":{"rendered":"\u0634\u0631\u0648\u0637 \u0627\u0644\u0627\u0633\u062a\u062e\u062f\u0627\u0645"},"content":{"rendered":"<p>\u0648\u0645\u0646 \u0627\u0644\u0645\u0647\u0645 \u0623\u0646 \u062a\u0642\u0631\u0623 \u0647\u0630\u0647 \u0627\u0644\u0635\u0641\u062d\u0629 \u0628\u0639\u0646\u0627\u064a\u0629. \u0625\u0630\u0627 \u0643\u0646\u062a \u0644\u0627 \u062a\u0648\u0627\u0641\u0642 \u0639\u0644\u0649 \u0623\u064a \u0646\u0642\u0637\u0629\u060c \u0642\u0645 \u0628\u0645\u063a\u0627\u062f\u0631\u0629 \u0627\u0644\u0645\u0648\u0642\u0639 \u0639\u0644\u0649 \u0627\u0644\u0641\u0648\u0631.<\/p>\n<p>\u0641\u064a \u0627\u0644\u0648\u0627\u0642\u0639\u060c \u062a\u062d\u062a\u0648\u064a \u0647\u0630\u0647 \u0627\u0644\u0635\u0641\u062d\u0629 \u0639\u0644\u0649 \u0642\u0648\u0627\u0639\u062f \u0627\u0644\u0639\u0644\u0627\u0642\u0629 \u0627\u0644\u0622\u0645\u0646\u0629 \u0628\u064a\u0646 \u0627\u0644\u0645\u0648\u0642\u0639 \u0648\u0627\u0644\u0645\u0633\u062a\u062e\u062f\u0645. \u0628\u0627\u0644\u0625\u0636\u0627\u0641\u0629 \u0625\u0644\u0649 \u0635\u0641\u062d\u0629 \u0633\u064a\u0627\u0633\u0629 \u0627\u0644\u062e\u0635\u0648\u0635\u064a\u0629\u060c \u064a\u062c\u0628 \u0627\u0644\u0627\u062a\u0641\u0627\u0642 \u0639\u0644\u0649 \u0634\u0631\u0648\u0637 \u0627\u0644\u0627\u0633\u062a\u062e\u062f\u0627\u0645 \u0628\u0634\u0643\u0644 \u0645\u062a\u0628\u0627\u062f\u0644.<\/p>\n<p>\u064a\u062e\u0636\u0639 \u0627\u0633\u062a\u062e\u062f\u0627\u0645 \u0647\u0630\u0627 \u0627\u0644\u0645\u0648\u0642\u0639 \u0644\u0634\u0631\u0648\u0637 \u0627\u0644\u0627\u0633\u062a\u062e\u062f\u0627\u0645 \u0627\u0644\u062a\u0627\u0644\u064a\u0629:<\/p>\n<ul>\n<li>\u0642\u062f \u062a\u062e\u0636\u0639 \u0635\u0641\u062d\u0627\u062a \u0627\u0644\u0645\u062d\u062a\u0648\u0649 \u0644\u062a\u063a\u064a\u064a\u0631\u0627\u062a \u062f\u0648\u0646 \u0623\u064a \u0625\u0634\u0639\u0627\u0631 \u0645\u0633\u0628\u0642.<\/li>\n<li>\u0644\u0627 \u064a\u0636\u0645\u0646 \u0641\u0631\u064a\u0642\u0646\u0627\u060c \u0641\u064a \u0623\u064a \u0648\u0642\u062a\u060c \u0623\u0646 \u0627\u0644\u0645\u0639\u0644\u0648\u0645\u0627\u062a \u0627\u0644\u0648\u0627\u0631\u062f\u0629 \u0641\u064a \u0647\u0630\u0627 \u0627\u0644\u0645\u0648\u0642\u0639 \u0641\u0631\u064a\u062f\u0629 \u0648\u0635\u062d\u064a\u062d\u0629 \u062a\u0645\u0627\u0645\u064b\u0627. \u0642\u062f \u062a\u062e\u062a\u0644\u0641 \u0628\u0639\u0636 \u0627\u0644\u0628\u064a\u0627\u0646\u0627\u062a \u0639\u0646 \u0627\u0644\u0628\u0648\u0627\u0628\u0627\u062a \u0627\u0644\u0623\u062e\u0631\u0649.<\/li>\n<li>\u0625\u0630\u0627 \u0642\u0645\u062a \u0628\u0627\u0633\u062a\u062e\u062f\u0627\u0645 \u0627\u0644\u0645\u0648\u0627\u062f \u0627\u0644\u0645\u0648\u062c\u0648\u062f\u0629 \u0639\u0644\u0649 \u0628\u0648\u0627\u0628\u062a\u0646\u0627\u060c \u0641\u0625\u0646\u0646\u0627 \u0644\u0633\u0646\u0627 \u0645\u0633\u0624\u0648\u0644\u064a\u0646 \u0639\u0646 \u0627\u0644\u0639\u0648\u0627\u0642\u0628 \u0627\u0644\u0645\u062a\u0631\u062a\u0628\u0629 \u0639\u0644\u0649 \u0630\u0644\u0643.<\/li>\n<li>\u0645\u0646 \u062e\u0644\u0627\u0644 \u0627\u0644\u0645\u0642\u0627\u0644\u0627\u062a \u0627\u0644\u0645\u0648\u062c\u0648\u062f\u0629 \u0639\u0644\u0649 \u0645\u0648\u0642\u0639\u0646\u0627\u060c \u064a\u0645\u0643\u0646\u0643 \u0627\u0644\u0639\u062b\u0648\u0631 \u0639\u0644\u0649 \u0631\u0648\u0627\u0628\u0637 \u0644\u0645\u062f\u0648\u0646\u0627\u062a \u0627\u0644\u0637\u0631\u0641 \u0627\u0644\u062b\u0627\u0644\u062b. \u0646\u062d\u0646 \u0644\u0633\u0646\u0627 \u0645\u0633\u0624\u0648\u0644\u064a\u0646 \u0639\u0646 \u0634\u0631\u0648\u0637 \u0627\u0644\u0627\u0633\u062a\u062e\u062f\u0627\u0645 \u0648\u0633\u064a\u0627\u0633\u0627\u062a \u0627\u0644\u062e\u0635\u0648\u0635\u064a\u0629 \u0644\u0647\u0630\u0647 \u0627\u0644\u0645\u0648\u0627\u0642\u0639\u060c \u0644\u0630\u0627 \u064a\u0631\u062c\u0649 \u062a\u0630\u0643\u0631 \u0642\u0631\u0627\u0621\u062a\u0647\u0627.<\/li>\n<\/ul>","protected":false},"excerpt":{"rendered":"<p>\u00c9 importante que voc\u00ea leia essa p\u00e1gina com aten\u00e7\u00e3o. Caso n\u00e3o concorde com algum ponto, deixe o site imediatamente. De fato, essa p\u00e1gina cont\u00e9m as regras para um relacionamento seguro entre o site e o usu\u00e1rio. Juntamente com a p\u00e1gina de pol\u00edtica de privacidade, os termos de uso devem ser de comum acordo. O uso [&hellip;]<\/p>","protected":false},"author":1,"featured_media":0,"parent":0,"menu_order":0,"comment_status":"closed","ping_status":"closed","template":"","meta":{"footnotes":""},"class_list":["post-316","page","type-page","status-publish"],"yoast_head":"<!-- This site is optimized with the Yoast SEO plugin v26.4 - https:\/\/yoast.com\/wordpress\/plugins\/seo\/ -->\n<title>Termos de Uso - Jornal Semanal<\/title>\n<meta name=\"robots\" content=\"index, follow, max-snippet:-1, max-image-preview:large, max-video-preview:-1\" \/>\n<link rel=\"canonical\" href=\"https:\/\/jornalsemanal.com\/ar\/\u0634\u0631\u0648\u0637-\u0627\u0644\u0627\u0633\u062a\u062e\u062f\u0627\u0645\/\" \/>\n<meta property=\"og:locale\" content=\"ar_AR\" \/>\n<meta property=\"og:type\" content=\"article\" \/>\n<meta property=\"og:title\" content=\"Termos de Uso - Jornal Semanal\" \/>\n<meta property=\"og:description\" content=\"\u00c9 importante que voc\u00ea leia essa p\u00e1gina com aten\u00e7\u00e3o. Caso n\u00e3o concorde com algum ponto, deixe o site imediatamente. De fato, essa p\u00e1gina cont\u00e9m as regras para um relacionamento seguro entre o site e o usu\u00e1rio. Juntamente com a p\u00e1gina de pol\u00edtica de privacidade, os termos de uso devem ser de comum acordo. O uso [&hellip;]\" \/>\n<meta property=\"og:url\" content=\"https:\/\/jornalsemanal.com\/ar\/\u0634\u0631\u0648\u0637-\u0627\u0644\u0627\u0633\u062a\u062e\u062f\u0627\u0645\/\" \/>\n<meta property=\"og:site_name\" content=\"Jornal Semanal\" \/>\n<meta property=\"article:modified_time\" content=\"2022-10-28T13:22:37+00:00\" \/>\n<meta name=\"twitter:card\" content=\"summary_large_image\" \/>\n<meta name=\"twitter:label1\" content=\"\u0648\u0642\u062a \u0627\u0644\u0642\u0631\u0627\u0621\u0629 \u0627\u0644\u0645\u064f\u0642\u062f\u0651\u0631\" \/>\n\t<meta name=\"twitter:data1\" content=\"\u062f\u0642\u064a\u0642\u0629 \u0648\u0627\u062d\u062f\u0629\" \/>\n<script type=\"application\/ld+json\" class=\"yoast-schema-graph\">{\"@context\":\"https:\/\/schema.org\",\"@graph\":[{\"@type\":\"WebPage\",\"@id\":\"https:\/\/jornalsemanal.com\/termos-de-uso\/\",\"url\":\"https:\/\/jornalsemanal.com\/termos-de-uso\/\",\"name\":\"Termos de Uso - Jornal Semanal\",\"isPartOf\":{\"@id\":\"https:\/\/jornalsemanal.com\/#website\"},\"datePublished\":\"2022-09-06T14:09:09+00:00\",\"dateModified\":\"2022-10-28T13:22:37+00:00\",\"breadcrumb\":{\"@id\":\"https:\/\/jornalsemanal.com\/termos-de-uso\/#breadcrumb\"},\"inLanguage\":\"ar\",\"potentialAction\":[{\"@type\":\"ReadAction\",\"target\":[\"https:\/\/jornalsemanal.com\/termos-de-uso\/\"]}]},{\"@type\":\"BreadcrumbList\",\"@id\":\"https:\/\/jornalsemanal.com\/termos-de-uso\/#breadcrumb\",\"itemListElement\":[{\"@type\":\"ListItem\",\"position\":1,\"name\":\"In\u00edcio\",\"item\":\"https:\/\/jornalsemanal.com\/\"},{\"@type\":\"ListItem\",\"position\":2,\"name\":\"Termos de Uso\"}]},{\"@type\":\"WebSite\",\"@id\":\"https:\/\/jornalsemanal.com\/#website\",\"url\":\"https:\/\/jornalsemanal.com\/\",\"name\":\"Jornal Semanal\",\"description\":\"Seja bem vindo (a) ao nosso jornal tecnol\u00f3gico.\",\"potentialAction\":[{\"@type\":\"SearchAction\",\"target\":{\"@type\":\"EntryPoint\",\"urlTemplate\":\"https:\/\/jornalsemanal.com\/?s={search_term_string}\"},\"query-input\":{\"@type\":\"PropertyValueSpecification\",\"valueRequired\":true,\"valueName\":\"search_term_string\"}}],\"inLanguage\":\"ar\"}]}<\/script>\n<!-- \/ Yoast SEO plugin. -->","yoast_head_json":{"title":"\u0634\u0631\u0648\u0637 \u0627\u0644\u0627\u0633\u062a\u062e\u062f\u0627\u0645 - \u0627\u0644\u062c\u0631\u064a\u062f\u0629 \u0627\u0644\u0623\u0633\u0628\u0648\u0639\u064a\u0629","robots":{"index":"index","follow":"follow","max-snippet":"max-snippet:-1","max-image-preview":"max-image-preview:large","max-video-preview":"max-video-preview:-1"},"canonical":"https:\/\/jornalsemanal.com\/ar\/\u0634\u0631\u0648\u0637-\u0627\u0644\u0627\u0633\u062a\u062e\u062f\u0627\u0645\/","og_locale":"ar_AR","og_type":"article","og_title":"Termos de Uso - Jornal Semanal","og_description":"\u00c9 importante que voc\u00ea leia essa p\u00e1gina com aten\u00e7\u00e3o. Caso n\u00e3o concorde com algum ponto, deixe o site imediatamente. De fato, essa p\u00e1gina cont\u00e9m as regras para um relacionamento seguro entre o site e o usu\u00e1rio. Juntamente com a p\u00e1gina de pol\u00edtica de privacidade, os termos de uso devem ser de comum acordo. O uso [&hellip;]","og_url":"https:\/\/jornalsemanal.com\/ar\/\u0634\u0631\u0648\u0637-\u0627\u0644\u0627\u0633\u062a\u062e\u062f\u0627\u0645\/","og_site_name":"Jornal Semanal","article_modified_time":"2022-10-28T13:22:37+00:00","twitter_card":"summary_large_image","twitter_misc":{"\u0648\u0642\u062a \u0627\u0644\u0642\u0631\u0627\u0621\u0629 \u0627\u0644\u0645\u064f\u0642\u062f\u0651\u0631":"\u062f\u0642\u064a\u0642\u0629 \u0648\u0627\u062d\u062f\u0629"},"schema":{"@context":"https:\/\/schema.org","@graph":[{"@type":"WebPage","@id":"https:\/\/jornalsemanal.com\/termos-de-uso\/","url":"https:\/\/jornalsemanal.com\/termos-de-uso\/","name":"\u0634\u0631\u0648\u0637 \u0627\u0644\u0627\u0633\u062a\u062e\u062f\u0627\u0645 - \u0627\u0644\u062c\u0631\u064a\u062f\u0629 \u0627\u0644\u0623\u0633\u0628\u0648\u0639\u064a\u0629","isPartOf":{"@id":"https:\/\/jornalsemanal.com\/#website"},"datePublished":"2022-09-06T14:09:09+00:00","dateModified":"2022-10-28T13:22:37+00:00","breadcrumb":{"@id":"https:\/\/jornalsemanal.com\/termos-de-uso\/#breadcrumb"},"inLanguage":"ar","potentialAction":[{"@type":"ReadAction","target":["https:\/\/jornalsemanal.com\/termos-de-uso\/"]}]},{"@type":"BreadcrumbList","@id":"https:\/\/jornalsemanal.com\/termos-de-uso\/#breadcrumb","itemListElement":[{"@type":"ListItem","position":1,"name":"In\u00edcio","item":"https:\/\/jornalsemanal.com\/"},{"@type":"ListItem","position":2,"name":"Termos de Uso"}]},{"@type":"WebSite","@id":"https:\/\/jornalsemanal.com\/#website","url":"https:\/\/jornalsemanal.com\/","name":"\u0635\u062d\u064a\u0641\u0629 \u0623\u0633\u0628\u0648\u0639\u064a\u0629","description":"\u0645\u0631\u062d\u0628\u0627 \u0628\u0643\u0645 \u0641\u064a \u0635\u062d\u064a\u0641\u0629 \u0627\u0644\u062a\u0643\u0646\u0648\u0644\u0648\u062c\u064a\u0627 \u0644\u062f\u064a\u0646\u0627.","potentialAction":[{"@type":"SearchAction","target":{"@type":"EntryPoint","urlTemplate":"https:\/\/jornalsemanal.com\/?s={search_term_string}"},"query-input":{"@type":"PropertyValueSpecification","valueRequired":true,"valueName":"search_term_string"}}],"inLanguage":"ar"}]}},"_links":{"self":[{"href":"https:\/\/jornalsemanal.com\/ar\/wp-json\/wp\/v2\/pages\/316","targetHints":{"allow":["GET"]}}],"collection":[{"href":"https:\/\/jornalsemanal.com\/ar\/wp-json\/wp\/v2\/pages"}],"about":[{"href":"https:\/\/jornalsemanal.com\/ar\/wp-json\/wp\/v2\/types\/page"}],"author":[{"embeddable":true,"href":"https:\/\/jornalsemanal.com\/ar\/wp-json\/wp\/v2\/users\/1"}],"replies":[{"embeddable":true,"href":"https:\/\/jornalsemanal.com\/ar\/wp-json\/wp\/v2\/comments?post=316"}],"version-history":[{"count":1,"href":"https:\/\/jornalsemanal.com\/ar\/wp-json\/wp\/v2\/pages\/316\/revisions"}],"predecessor-version":[{"id":790,"href":"https:\/\/jornalsemanal.com\/ar\/wp-json\/wp\/v2\/pages\/316\/revisions\/790"}],"wp:attachment":[{"href":"https:\/\/jornalsemanal.com\/ar\/wp-json\/wp\/v2\/media?parent=316"}],"curies":[{"name":"wp","href":"https:\/\/api.w.org\/{rel}","templated":true}]}}