{"id":314,"date":"2022-09-06T14:06:39","date_gmt":"2022-09-06T14:06:39","guid":{"rendered":"https:\/\/jornalsemanal.com\/?page_id=314"},"modified":"2023-03-15T22:30:41","modified_gmt":"2023-03-15T22:30:41","slug":"%d0%bf%d0%be%d0%bb%d0%b8%d1%82%d0%b8%d0%ba%d0%b0-%d0%b7%d0%b0-%d0%bf%d0%be%d0%b2%d0%b5%d1%80%d0%b8%d1%82%d0%b5%d0%bb%d0%bd%d0%be%d1%81%d1%82","status":"publish","type":"page","link":"https:\/\/jornalsemanal.com\/bg\/%d0%bf%d0%be%d0%bb%d0%b8%d1%82%d0%b8%d0%ba%d0%b0-%d0%b7%d0%b0-%d0%bf%d0%be%d0%b2%d0%b5%d1%80%d0%b8%d1%82%d0%b5%d0%bb%d0%bd%d0%be%d1%81%d1%82\/","title":{"rendered":"\u041f\u043e\u043b\u0438\u0442\u0438\u043a\u0430 \u0437\u0430 \u043f\u043e\u0432\u0435\u0440\u0438\u0442\u0435\u043b\u043d\u043e\u0441\u0442"},"content":{"rendered":"<p>Jornal Semanal \u0441\u0435 \u0431\u043e\u0440\u0438 \u0432\u0438\u043d\u0430\u0433\u0438 \u0434\u0430 \u0441\u0435 \u0433\u0440\u0438\u0436\u0438 \u043f\u043e-\u0434\u043e\u0431\u0440\u0435 \u0437\u0430 \u0441\u0432\u043e\u0438\u0442\u0435 \u0434\u0430\u043d\u043d\u0438. \u041f\u043e \u0442\u043e\u0437\u0438 \u043d\u0430\u0447\u0438\u043d \u0432 \u0446\u044f\u043b\u0430\u0442\u0430 \u0442\u0430\u0437\u0438 \u0441\u0442\u0440\u0430\u043d\u0438\u0446\u0430 \u0449\u0435 \u043c\u043e\u0436\u0435\u0442\u0435 \u0434\u0430 \u0440\u0430\u0437\u0431\u0435\u0440\u0435\u0442\u0435 \u043c\u0430\u043b\u043a\u043e \u043f\u043e\u0432\u0435\u0447\u0435 \u0437\u0430 \u0442\u043e\u0432\u0430 \u043a\u0430\u043a \u0440\u0430\u0431\u043e\u0442\u0438 \u0442\u043e\u0437\u0438 \u043f\u0440\u043e\u0446\u0435\u0441.<\/p>\n<p>\u041f\u0440\u043e\u0447\u0435\u0442\u0435\u0442\u0435 \u0432\u0441\u0438\u0447\u043a\u0438 \u0442\u043e\u0447\u043a\u0438 \u0441\u043f\u043e\u043a\u043e\u0439\u043d\u043e \u0438 \u0432\u043d\u0438\u043c\u0430\u0442\u0435\u043b\u043d\u043e, \u0437\u0430 \u0434\u0430 \u043c\u043e\u0436\u0435\u0442\u0435 \u0434\u0430 \u0441\u0435 \u0441\u044a\u0433\u043b\u0430\u0441\u0438\u0442\u0435 \u0441 \u0431\u0438\u0441\u043a\u0432\u0438\u0442\u043a\u0438\u0442\u0435 \u043d\u0430 \u0441\u0430\u0439\u0442\u0430. \u041d\u0435 \u0438\u0441\u043a\u0430\u043c\u0435 \u0434\u0430 \u0441\u043f\u043e\u0434\u0435\u043b\u044f\u043c\u0435 \u0432\u0430\u0448\u0430\u0442\u0430 \u0438\u043d\u0444\u043e\u0440\u043c\u0430\u0446\u0438\u044f \u0441 \u043d\u0438\u043a\u043e\u0433\u043e, \u0442\u0435 \u0441\u0430 \u0441\u0430\u043c\u043e \u0437\u0430 \u043d\u0430\u0448\u0430\u0442\u0430 \u0431\u0430\u0437\u0430 \u0434\u0430\u043d\u043d\u0438.<\/p>\n<h3>\u041f\u0435\u0440\u0441\u043e\u043d\u0430\u043b\u0438\u0437\u0438\u0440\u0430\u043d\u0430 \u0440\u0435\u043a\u043b\u0430\u043c\u0430<\/h3>\n<p>\u041f\u043e\u0442\u0440\u0435\u0431\u0438\u0442\u0435\u043b\u0438\u0442\u0435 \u043c\u043e\u0433\u0430\u0442 \u0434\u0430 \u0441\u0435 \u043e\u0442\u043a\u0430\u0436\u0430\u0442 \u043e\u0442 \u043f\u0435\u0440\u0441\u043e\u043d\u0430\u043b\u0438\u0437\u0438\u0440\u0430\u043d\u0430 \u0440\u0435\u043a\u043b\u0430\u043c\u0430, \u043a\u0430\u0442\u043e \u043f\u043e\u0441\u0435\u0442\u044f\u0442 <a href=\"https:\/\/adssettings.google.com\/authenticated\">\u041d\u0430\u0441\u0442\u0440\u043e\u0439\u043a\u0438 \u0437\u0430 \u0440\u0435\u043a\u043b\u0430\u043c\u0438<\/a>. \u041a\u0430\u0442\u043e \u0430\u043b\u0442\u0435\u0440\u043d\u0430\u0442\u0438\u0432\u0430 \u043c\u043e\u0436\u0435\u0442\u0435 \u0434\u0430 \u043d\u0430\u0441\u043e\u0447\u0432\u0430\u0442\u0435 \u043f\u043e\u0442\u0440\u0435\u0431\u0438\u0442\u0435\u043b\u0438\u0442\u0435 \u043a\u044a\u043c \u0441\u0430\u0439\u0442\u0430 <a href=\"https:\/\/optout.aboutads.info\/?c=2&amp;lang=ES\">www.aboutads.info<\/a> \u0437\u0430 \u0434\u0430 \u0434\u0435\u0430\u043a\u0442\u0438\u0432\u0438\u0440\u0430\u0442\u0435 \u0438\u0437\u043f\u043e\u043b\u0437\u0432\u0430\u043d\u0435\u0442\u043e \u043d\u0430 \u043f\u0435\u0440\u0441\u043e\u043d\u0430\u043b\u0438\u0437\u0438\u0440\u0430\u043d\u0438 \u0440\u0435\u043a\u043b\u0430\u043c\u043d\u0438 \u0431\u0438\u0441\u043a\u0432\u0438\u0442\u043a\u0438 \u043d\u0430 \u0442\u0440\u0435\u0442\u0438 \u0441\u0442\u0440\u0430\u043d\u0438.<\/p>\n<h3>\u0421\u044a\u0431\u0438\u0440\u0430\u043d\u0435 \u0438 \u0438\u0437\u043f\u043e\u043b\u0437\u0432\u0430\u043d\u0435 \u043d\u0430 \u0438\u043d\u0444\u043e\u0440\u043c\u0430\u0446\u0438\u044f<\/h3>\n<p>\u0414\u043e\u043a\u0430\u0442\u043e \u0440\u0430\u0437\u0433\u043b\u0435\u0436\u0434\u0430\u0442\u0435 \u043d\u0430\u0448\u0438\u044f \u0443\u0435\u0431\u0441\u0430\u0439\u0442, \u043c\u043e\u0436\u0435 \u0434\u0430 \u0441\u0435 \u043f\u043e\u044f\u0432\u0438 \u0441\u0442\u0440\u0430\u043d\u0438\u0446\u0430, \u043a\u043e\u044f\u0442\u043e \u0432\u0438 \u043a\u0430\u043d\u0438 \u0434\u0430 \u0441\u043f\u043e\u0434\u0435\u043b\u0438\u0442\u0435 \u0432\u0430\u0448\u0438\u0442\u0435 \u043b\u0438\u0447\u043d\u0438 \u0434\u0430\u043d\u043d\u0438, \u043a\u0430\u0442\u043e \u0432\u0430\u0448\u0435\u0442\u043e \u0438\u043c\u0435 \u0438 \u0442\u0435\u043b\u0435\u0444\u043e\u043d\u0435\u043d \u043d\u043e\u043c\u0435\u0440.<\/p>\n<p>\u041c\u043e\u043b\u044f, \u0438\u043c\u0430\u0439\u0442\u0435 \u043f\u0440\u0435\u0434\u0432\u0438\u0434, \u0447\u0435 \u043d\u044f\u043c\u0430 \u0434\u0430 \u0433\u0438 \u0440\u0430\u0437\u043a\u0440\u0438\u0432\u0430\u043c\u0435 \u0438 \u0442\u0435 \u0441\u0435 \u0438\u0437\u043f\u043e\u043b\u0437\u0432\u0430\u0442 \u0441\u0430\u043c\u043e \u0437\u0430 \u0438\u0434\u0435\u043d\u0442\u0438\u0444\u0438\u0446\u0438\u0440\u0430\u043d\u0435\u0442\u043e \u0432\u0438.<\/p>\n<h3>\u0411\u0438\u0441\u043a\u0432\u0438\u0442\u043a\u0438<\/h3>\n<p>\u0411\u0438\u0441\u043a\u0432\u0438\u0442\u043a\u0430\u0442\u0430 \u0435 \u043c\u043d\u043e\u0433\u043e \u043f\u0440\u043e\u0441\u0442 \u043c\u0430\u043b\u044a\u043a \u0444\u0430\u0439\u043b, \u0432\u0441\u044a\u0449\u043d\u043e\u0441\u0442 \u0442\u0435\u043a\u0441\u0442, \u0437\u0430\u043f\u0438\u0441\u0430\u043d \u043d\u0430 \u0442\u0432\u044a\u0440\u0434\u0438\u044f \u0434\u0438\u0441\u043a \u043d\u0430 \u043a\u043e\u043c\u043f\u044e\u0442\u044a\u0440\u0430 \u043d\u0430 \u0438\u043d\u0442\u0435\u0440\u043d\u0435\u0442 \u043f\u043e\u0442\u0440\u0435\u0431\u0438\u0442\u0435\u043b\u044f \u043f\u043e \u0438\u0441\u043a\u0430\u043d\u0435 \u043d\u0430 \u0441\u044a\u0440\u0432\u044a\u0440\u0430, \u043a\u043e\u0439\u0442\u043e \u0443\u043f\u0440\u0430\u0432\u043b\u044f\u0432\u0430 \u043f\u043e\u0441\u0435\u0442\u0435\u043d\u0438\u044f \u0443\u0435\u0431\u0441\u0430\u0439\u0442.<\/p>\n<p>\u0422\u043e\u0439 \u0441\u044a\u0434\u044a\u0440\u0436\u0430 \u0438\u043d\u0444\u043e\u0440\u043c\u0430\u0446\u0438\u044f \u0437\u0430 \u0442\u043e\u0432\u0430 \u043a\u0430\u043a \u043d\u0430\u0432\u0438\u0433\u0438\u0440\u0430\u0442\u0435 \u0432 \u0441\u0442\u0440\u0430\u043d\u0438\u0446\u0438\u0442\u0435 \u043d\u0430 \u0442\u043e\u0437\u0438 \u0443\u0435\u0431\u0441\u0430\u0439\u0442. \u041f\u044a\u0440\u0432\u043e\u043d\u0430\u0447\u0430\u043b\u043d\u0430\u0442\u0430 \u0438\u0434\u0435\u044f \u0435 \u0441\u044a\u0449\u0438\u044f\u0442 \u0447\u043e\u0432\u0435\u043a \u0434\u0430 \u043c\u043e\u0436\u0435 \u043f\u043e-\u043a\u044a\u0441\u043d\u043e \u0434\u0430 \u0438\u0437\u043f\u043e\u043b\u0437\u0432\u0430 \u0441\u0430\u0439\u0442\u0430.<\/p>\n<p>\u0422\u0430\u043a\u0430 \u0447\u0435, \u0430\u043a\u043e \u0441\u0435 \u0432\u044a\u0440\u043d\u0435\u0442\u0435 \u043d\u0430 \u0443\u0435\u0431\u0441\u0430\u0439\u0442, \u043a\u044a\u0434\u0435\u0442\u043e \u0441\u0442\u0435 \u043f\u043e\u043f\u044a\u043b\u043d\u0438\u043b\u0438 \u0444\u043e\u0440\u043c\u0443\u043b\u044f\u0440 \u0441 \u0432\u0430\u0448\u0435\u0442\u043e \u0438\u043c\u0435, \u0449\u0435 \u0431\u044a\u0434\u0435\u0442\u0435 \u043f\u043e\u0441\u0440\u0435\u0449\u043d\u0430\u0442\u0438 \u043e\u0442 \u201e\u0417\u0434\u0440\u0430\u0432\u0435\u0439, \u0442\u0432\u043e\u0435\u0442\u043e \u0438\u043c\u0435\u201c.<\/p>\n<p>\u0412 \u0434\u043e\u043f\u044a\u043b\u043d\u0435\u043d\u0438\u0435 \u043a\u044a\u043c \u043f\u043e\u0437\u0434\u0440\u0430\u0432\u044f\u0432\u0430\u043d\u0435\u0442\u043e, \u0431\u0438\u0441\u043a\u0432\u0438\u0442\u043a\u0430\u0442\u0430 \u0441\u0435 \u0438\u0437\u043f\u043e\u043b\u0437\u0432\u0430 \u0437\u0430 \u0438\u0437\u0432\u0438\u043a\u0432\u0430\u043d\u0435 \u043d\u0430 \u043f\u0440\u0435\u0434\u043f\u043e\u0447\u0438\u0442\u0430\u043d\u0438\u044f\u0442\u0430, \u0438\u0437\u0431\u0440\u0430\u043d\u0438 \u043e\u0442 \u043f\u043e\u0442\u0440\u0435\u0431\u0438\u0442\u0435\u043b\u044f \u043f\u043e \u0432\u0440\u0435\u043c\u0435 \u043d\u0430 \u043d\u0435\u0433\u043e\u0432\u043e\u0442\u043e \u043f\u043e\u0441\u0435\u0449\u0435\u043d\u0438\u0435 (\u0442\u043e\u0432\u0430 \u043f\u0440\u0430\u0432\u0438 \u0442\u044a\u0440\u0441\u0430\u0447\u043a\u0430\u0442\u0430, \u043d\u0430\u043f\u0440\u0438\u043c\u0435\u0440 Google).<\/p>\n<h3>\u0412\u0440\u044a\u0437\u043a\u0438 \u043a\u044a\u043c \u0434\u0440\u0443\u0433\u0438 \u0443\u0435\u0431\u0441\u0430\u0439\u0442\u043e\u0432\u0435<\/h3>\n<p>\u0417\u0430 \u0434\u0430 \u0434\u043e\u043f\u044a\u043b\u043d\u0438\u043c \u0432\u0430\u0448\u0435\u0442\u043e \u0447\u0435\u0442\u0435\u043d\u0435, \u0432\u043a\u043b\u044e\u0447\u0438\u0445\u043c\u0435 \u043d\u044f\u043a\u043e\u0438 \u0432\u044a\u043d\u0448\u043d\u0438 \u0432\u0440\u044a\u0437\u043a\u0438 \u0432 \u043d\u0430\u0448\u0438\u0442\u0435 \u0441\u0442\u0430\u0442\u0438\u0438. \u0422\u043e\u0432\u0430 \u0441\u0430 \u0441\u0430\u0439\u0442\u043e\u0432\u0435, \u043f\u043e\u0434\u043e\u0431\u043d\u0438 \u043d\u0430 \u0442\u043e\u0437\u0438, \u043a\u043e\u0438\u0442\u043e \u0438\u043c\u0430\u0442 \u0437\u0430 \u0446\u0435\u043b \u0434\u0430 \u0438\u043d\u0444\u043e\u0440\u043c\u0438\u0440\u0430\u0442.<\/p>\n<p>\u0412\u044a\u043f\u0440\u0435\u043a\u0438 \u0442\u043e\u0432\u0430, \u0441\u043b\u0435\u0434 \u043a\u0430\u0442\u043e \u043d\u0430\u043f\u0443\u0441\u043d\u0435\u0442\u0435 \u043d\u0430\u0448\u0438\u044f \u0443\u0435\u0431\u0441\u0430\u0439\u0442, \u0437\u0430 \u0434\u0430 \u043e\u0442\u0438\u0434\u0435\u0442\u0435 \u043d\u0430 \u0434\u0440\u0443\u0433, \u043d\u0438\u0435 \u043d\u0435 \u043d\u043e\u0441\u0438\u043c \u043f\u043e\u0432\u0435\u0447\u0435 \u043e\u0442\u0433\u043e\u0432\u043e\u0440\u043d\u043e\u0441\u0442.<\/p>\n<p>\u0415\u0442\u043e \u0437\u0430\u0449\u043e, \u0430\u043a\u043e \u0438\u0441\u043a\u0430\u0442\u0435 \u043c\u0430\u043a\u0441\u0438\u043c\u0430\u043b\u043d\u0430 \u0441\u0438\u0433\u0443\u0440\u043d\u043e\u0441\u0442, \u043d\u0435 \u0437\u0430\u0431\u0440\u0430\u0432\u044f\u0439\u0442\u0435 \u0434\u0430 \u043f\u0440\u043e\u0447\u0435\u0442\u0435\u0442\u0435 \u041f\u043e\u043b\u0438\u0442\u0438\u043a\u0430\u0442\u0430 \u0437\u0430 \u043f\u043e\u0432\u0435\u0440\u0438\u0442\u0435\u043b\u043d\u043e\u0441\u0442 \u043d\u0430 \u0442\u0435\u0437\u0438 \u0441\u0430\u0439\u0442\u043e\u0432\u0435.<\/p>\n<h3>\u041f\u0440\u043e\u043c\u0435\u043d\u0438 \u0432 \u0442\u0430\u0437\u0438 \u041f\u043e\u043b\u0438\u0442\u0438\u043a\u0430 \u0437\u0430 \u043f\u043e\u0432\u0435\u0440\u0438\u0442\u0435\u043b\u043d\u043e\u0441\u0442<\/h3>\n<p>\u0412\u0430\u0436\u043d\u043e \u0435 \u0434\u0430 \u0441\u0435 \u0432\u0440\u044a\u0449\u0430\u0442\u0435 \u043d\u0430 \u0442\u0430\u0437\u0438 \u0441\u0442\u0440\u0430\u043d\u0438\u0446\u0430 \u043f\u043e-\u0447\u0435\u0441\u0442\u043e, \u043a\u043e\u0433\u0430\u0442\u043e \u0438\u0437\u043f\u043e\u043b\u0437\u0432\u0430\u0442\u0435 \u0443\u0435\u0431\u0441\u0430\u0439\u0442\u0430 Jornal Semanal. \u0422\u043e\u0432\u0430 \u0435 \u0442\u0430\u043a\u0430, \u0437\u0430\u0449\u043e\u0442\u043e \u0442\u0430\u0437\u0438 \u0447\u0430\u0441\u0442 \u043e\u0442 \u041f\u043e\u043b\u0438\u0442\u0438\u043a\u0430\u0442\u0430 \u0437\u0430 \u043f\u043e\u0432\u0435\u0440\u0438\u0442\u0435\u043b\u043d\u043e\u0441\u0442 \u043c\u043e\u0436\u0435 \u0434\u0430 \u0441\u0435 \u043f\u0440\u043e\u043c\u0435\u043d\u0438 \u0431\u0435\u0437 \u043f\u0440\u0435\u0434\u0438\u0437\u0432\u0435\u0441\u0442\u0438\u0435.<\/p>\n<p>\u0410\u043a\u043e \u0438\u043c\u0430\u0442\u0435 \u043d\u044f\u043a\u0430\u043a\u0432\u0438 \u0432\u044a\u043f\u0440\u043e\u0441\u0438, \u043d\u0435 \u0437\u0430\u0431\u0440\u0430\u0432\u044f\u0439\u0442\u0435 \u0434\u0430 \u043d\u0438 \u0438\u0437\u043f\u0440\u0430\u0442\u0438\u0442\u0435 \u0441\u044a\u043e\u0431\u0449\u0435\u043d\u0438\u0435 \u0432 \u0440\u0430\u0437\u0434\u0435\u043b\u0430 \u0421\u0432\u044a\u0440\u0436\u0435\u0442\u0435 \u0441\u0435 \u0441 \u043d\u0430\u0441.<\/p>","protected":false},"excerpt":{"rendered":"<p>O Jornal Semanal est\u00e1 lutando para sempre cuidar melhor de seus dados. Dessa forma, ao longo dessa p\u00e1gina, voc\u00ea poder\u00e1 entender um pouco mais sobre como funciona esse processo. Leia com calma e aten\u00e7\u00e3o todos os pontos para que possa concordar com os cookies do site. N\u00e3o queremos compartilhar suas informa\u00e7\u00f5es com ningu\u00e9m, eles servem [&hellip;]<\/p>","protected":false},"author":1,"featured_media":0,"parent":0,"menu_order":0,"comment_status":"closed","ping_status":"closed","template":"","meta":{"footnotes":""},"class_list":["post-314","page","type-page","status-publish"],"yoast_head":"<!-- This site is optimized with the Yoast SEO plugin v26.4 - https:\/\/yoast.com\/wordpress\/plugins\/seo\/ -->\n<title>Pol\u00edtica de Privacidade - Jornal Semanal<\/title>\n<meta name=\"robots\" content=\"index, follow, max-snippet:-1, max-image-preview:large, max-video-preview:-1\" \/>\n<link rel=\"canonical\" href=\"https:\/\/jornalsemanal.com\/bg\/\u043f\u043e\u043b\u0438\u0442\u0438\u043a\u0430-\u0437\u0430-\u043f\u043e\u0432\u0435\u0440\u0438\u0442\u0435\u043b\u043d\u043e\u0441\u0442\/\" \/>\n<meta property=\"og:locale\" content=\"bg_BG\" \/>\n<meta property=\"og:type\" content=\"article\" \/>\n<meta property=\"og:title\" content=\"Pol\u00edtica de Privacidade - Jornal Semanal\" \/>\n<meta property=\"og:description\" content=\"O Jornal Semanal est\u00e1 lutando para sempre cuidar melhor de seus dados. Dessa forma, ao longo dessa p\u00e1gina, voc\u00ea poder\u00e1 entender um pouco mais sobre como funciona esse processo. Leia com calma e aten\u00e7\u00e3o todos os pontos para que possa concordar com os cookies do site. N\u00e3o queremos compartilhar suas informa\u00e7\u00f5es com ningu\u00e9m, eles servem [&hellip;]\" \/>\n<meta property=\"og:url\" content=\"https:\/\/jornalsemanal.com\/bg\/\u043f\u043e\u043b\u0438\u0442\u0438\u043a\u0430-\u0437\u0430-\u043f\u043e\u0432\u0435\u0440\u0438\u0442\u0435\u043b\u043d\u043e\u0441\u0442\/\" \/>\n<meta property=\"og:site_name\" content=\"Jornal Semanal\" \/>\n<meta property=\"article:modified_time\" content=\"2023-03-15T22:30:41+00:00\" \/>\n<meta name=\"twitter:card\" content=\"summary_large_image\" \/>\n<meta name=\"twitter:label1\" content=\"Est. reading time\" \/>\n\t<meta name=\"twitter:data1\" content=\"3 \u043c\u0438\u043d\u0443\u0442\u0438\" \/>\n<script type=\"application\/ld+json\" class=\"yoast-schema-graph\">{\"@context\":\"https:\/\/schema.org\",\"@graph\":[{\"@type\":\"WebPage\",\"@id\":\"https:\/\/jornalsemanal.com\/politica-de-privacidade\/\",\"url\":\"https:\/\/jornalsemanal.com\/politica-de-privacidade\/\",\"name\":\"Pol\u00edtica de Privacidade - Jornal Semanal\",\"isPartOf\":{\"@id\":\"https:\/\/jornalsemanal.com\/#website\"},\"datePublished\":\"2022-09-06T14:06:39+00:00\",\"dateModified\":\"2023-03-15T22:30:41+00:00\",\"breadcrumb\":{\"@id\":\"https:\/\/jornalsemanal.com\/politica-de-privacidade\/#breadcrumb\"},\"inLanguage\":\"bg-BG\",\"potentialAction\":[{\"@type\":\"ReadAction\",\"target\":[\"https:\/\/jornalsemanal.com\/politica-de-privacidade\/\"]}]},{\"@type\":\"BreadcrumbList\",\"@id\":\"https:\/\/jornalsemanal.com\/politica-de-privacidade\/#breadcrumb\",\"itemListElement\":[{\"@type\":\"ListItem\",\"position\":1,\"name\":\"In\u00edcio\",\"item\":\"https:\/\/jornalsemanal.com\/\"},{\"@type\":\"ListItem\",\"position\":2,\"name\":\"Pol\u00edtica de Privacidade\"}]},{\"@type\":\"WebSite\",\"@id\":\"https:\/\/jornalsemanal.com\/#website\",\"url\":\"https:\/\/jornalsemanal.com\/\",\"name\":\"Jornal Semanal\",\"description\":\"Seja bem vindo (a) ao nosso jornal tecnol\u00f3gico.\",\"potentialAction\":[{\"@type\":\"SearchAction\",\"target\":{\"@type\":\"EntryPoint\",\"urlTemplate\":\"https:\/\/jornalsemanal.com\/?s={search_term_string}\"},\"query-input\":{\"@type\":\"PropertyValueSpecification\",\"valueRequired\":true,\"valueName\":\"search_term_string\"}}],\"inLanguage\":\"bg-BG\"}]}<\/script>\n<!-- \/ Yoast SEO plugin. -->","yoast_head_json":{"title":"\u041f\u043e\u043b\u0438\u0442\u0438\u043a\u0430 \u0437\u0430 \u043f\u043e\u0432\u0435\u0440\u0438\u0442\u0435\u043b\u043d\u043e\u0441\u0442 - Jornal Semanal","robots":{"index":"index","follow":"follow","max-snippet":"max-snippet:-1","max-image-preview":"max-image-preview:large","max-video-preview":"max-video-preview:-1"},"canonical":"https:\/\/jornalsemanal.com\/bg\/\u043f\u043e\u043b\u0438\u0442\u0438\u043a\u0430-\u0437\u0430-\u043f\u043e\u0432\u0435\u0440\u0438\u0442\u0435\u043b\u043d\u043e\u0441\u0442\/","og_locale":"bg_BG","og_type":"article","og_title":"Pol\u00edtica de Privacidade - Jornal Semanal","og_description":"O Jornal Semanal est\u00e1 lutando para sempre cuidar melhor de seus dados. Dessa forma, ao longo dessa p\u00e1gina, voc\u00ea poder\u00e1 entender um pouco mais sobre como funciona esse processo. Leia com calma e aten\u00e7\u00e3o todos os pontos para que possa concordar com os cookies do site. N\u00e3o queremos compartilhar suas informa\u00e7\u00f5es com ningu\u00e9m, eles servem [&hellip;]","og_url":"https:\/\/jornalsemanal.com\/bg\/\u043f\u043e\u043b\u0438\u0442\u0438\u043a\u0430-\u0437\u0430-\u043f\u043e\u0432\u0435\u0440\u0438\u0442\u0435\u043b\u043d\u043e\u0441\u0442\/","og_site_name":"Jornal Semanal","article_modified_time":"2023-03-15T22:30:41+00:00","twitter_card":"summary_large_image","twitter_misc":{"Est. reading time":"3 \u043c\u0438\u043d\u0443\u0442\u0438"},"schema":{"@context":"https:\/\/schema.org","@graph":[{"@type":"WebPage","@id":"https:\/\/jornalsemanal.com\/politica-de-privacidade\/","url":"https:\/\/jornalsemanal.com\/politica-de-privacidade\/","name":"\u041f\u043e\u043b\u0438\u0442\u0438\u043a\u0430 \u0437\u0430 \u043f\u043e\u0432\u0435\u0440\u0438\u0442\u0435\u043b\u043d\u043e\u0441\u0442 - Jornal Semanal","isPartOf":{"@id":"https:\/\/jornalsemanal.com\/#website"},"datePublished":"2022-09-06T14:06:39+00:00","dateModified":"2023-03-15T22:30:41+00:00","breadcrumb":{"@id":"https:\/\/jornalsemanal.com\/politica-de-privacidade\/#breadcrumb"},"inLanguage":"bg-BG","potentialAction":[{"@type":"ReadAction","target":["https:\/\/jornalsemanal.com\/politica-de-privacidade\/"]}]},{"@type":"BreadcrumbList","@id":"https:\/\/jornalsemanal.com\/politica-de-privacidade\/#breadcrumb","itemListElement":[{"@type":"ListItem","position":1,"name":"In\u00edcio","item":"https:\/\/jornalsemanal.com\/"},{"@type":"ListItem","position":2,"name":"Pol\u00edtica de Privacidade"}]},{"@type":"WebSite","@id":"https:\/\/jornalsemanal.com\/#website","url":"https:\/\/jornalsemanal.com\/","name":"\u0421\u0435\u0434\u043c\u0438\u0447\u0435\u043d \u0432\u0435\u0441\u0442\u043d\u0438\u043a","description":"\u0414\u043e\u0431\u0440\u0435 \u0434\u043e\u0448\u043b\u0438 \u0432 \u043d\u0430\u0448\u0438\u044f \u0442\u0435\u0445\u043d\u043e\u043b\u043e\u0433\u0438\u0447\u0435\u043d \u0432\u0435\u0441\u0442\u043d\u0438\u043a.","potentialAction":[{"@type":"SearchAction","target":{"@type":"EntryPoint","urlTemplate":"https:\/\/jornalsemanal.com\/?s={search_term_string}"},"query-input":{"@type":"PropertyValueSpecification","valueRequired":true,"valueName":"search_term_string"}}],"inLanguage":"bg-BG"}]}},"_links":{"self":[{"href":"https:\/\/jornalsemanal.com\/bg\/wp-json\/wp\/v2\/pages\/314","targetHints":{"allow":["GET"]}}],"collection":[{"href":"https:\/\/jornalsemanal.com\/bg\/wp-json\/wp\/v2\/pages"}],"about":[{"href":"https:\/\/jornalsemanal.com\/bg\/wp-json\/wp\/v2\/types\/page"}],"author":[{"embeddable":true,"href":"https:\/\/jornalsemanal.com\/bg\/wp-json\/wp\/v2\/users\/1"}],"replies":[{"embeddable":true,"href":"https:\/\/jornalsemanal.com\/bg\/wp-json\/wp\/v2\/comments?post=314"}],"version-history":[{"count":2,"href":"https:\/\/jornalsemanal.com\/bg\/wp-json\/wp\/v2\/pages\/314\/revisions"}],"predecessor-version":[{"id":820,"href":"https:\/\/jornalsemanal.com\/bg\/wp-json\/wp\/v2\/pages\/314\/revisions\/820"}],"wp:attachment":[{"href":"https:\/\/jornalsemanal.com\/bg\/wp-json\/wp\/v2\/media?parent=314"}],"curies":[{"name":"wp","href":"https:\/\/api.w.org\/{rel}","templated":true}]}}