{"id":314,"date":"2022-09-06T14:06:39","date_gmt":"2022-09-06T14:06:39","guid":{"rendered":"https:\/\/jornalsemanal.com\/?page_id=314"},"modified":"2023-03-15T22:30:41","modified_gmt":"2023-03-15T22:30:41","slug":"zasady-ochrany-osobnich-udaju","status":"publish","type":"page","link":"https:\/\/jornalsemanal.com\/cs\/zasady-ochrany-osobnich-udaju\/","title":{"rendered":"Z\u00e1sady ochrany osobn\u00edch \u00fadaj\u016f"},"content":{"rendered":"<p>Jornal Semanal bojuje za to, aby se o sv\u00e1 data v\u017edy l\u00e9pe staral. T\u00edmto zp\u016fsobem na t\u00e9to str\u00e1nce budete moci trochu v\u00edce porozum\u011bt tomu, jak tento proces funguje.<\/p>\n<p>P\u0159e\u010dt\u011bte si v\u0161echny body v klidu a pozorn\u011b, abyste mohli souhlasit se soubory cookie webu. Va\u0161e \u00fadaje nechceme s nik\u00fdm sd\u00edlet, jsou pouze pro na\u0161i datab\u00e1zi.<\/p>\n<h3>Personalizovan\u00e1 reklama<\/h3>\n<p>U\u017eivatel\u00e9 se mohou odhl\u00e1sit z personalizovan\u00e9 reklamy n\u00e1v\u0161t\u011bvou str\u00e1nky <a href=\"https:\/\/adssettings.google.com\/authenticated\">Nastaven\u00ed reklam<\/a>. P\u0159\u00edpadn\u011b m\u016f\u017eete u\u017eivatele nasm\u011brovat na p\u0159\u00edstup k webu <a href=\"https:\/\/optout.aboutads.info\/?c=2&amp;lang=ES\">www.aboutads.info<\/a> zak\u00e1zat pou\u017e\u00edv\u00e1n\u00ed personalizovan\u00fdch reklamn\u00edch cookies t\u0159et\u00edch stran.<\/p>\n<h3>Shroma\u017e\u010fov\u00e1n\u00ed a pou\u017e\u00edv\u00e1n\u00ed informac\u00ed<\/h3>\n<p>P\u0159i proch\u00e1zen\u00ed na\u0161ich webov\u00fdch str\u00e1nek se m\u016f\u017ee objevit str\u00e1nka s v\u00fdzvou ke sd\u00edlen\u00ed va\u0161ich osobn\u00edch \u00fadaj\u016f, jako je va\u0161e jm\u00e9no a telefonn\u00ed \u010d\u00edslo.<\/p>\n<p>Uv\u011bdomte si pros\u00edm, \u017ee je nezve\u0159ejn\u00edme a slou\u017e\u00ed pouze k va\u0161\u00ed identifikaci.<\/p>\n<h3>Soubory cookie<\/h3>\n<p>Cookie je velmi jednoduch\u00fd mal\u00fd soubor, ve skute\u010dnosti text, ulo\u017een\u00fd na pevn\u00fd disk po\u010d\u00edta\u010de u\u017eivatele internetu na \u017e\u00e1dost serveru, kter\u00fd spravuje nav\u0161t\u00edvenou webovou str\u00e1nku.<\/p>\n<p>Obsahuje informace o tom, jak se pohybujete na str\u00e1nk\u00e1ch tohoto webu. P\u016fvodn\u00ed my\u0161lenkou je usnadnit pou\u017eit\u00ed webu pozd\u011bji stejn\u00e9 osob\u011b.<\/p>\n<p>Pokud se tedy vr\u00e1t\u00edte na webovou str\u00e1nku, kde jste vyplnili formul\u00e1\u0159 se sv\u00fdm jm\u00e9nem, uv\u00edt\u00e1 v\u00e1s \u201eDobr\u00fd den, va\u0161e jm\u00e9no\u201c.<\/p>\n<p>Krom\u011b pozdravu se cookie pou\u017e\u00edv\u00e1 k vyvol\u00e1n\u00ed preferenc\u00ed, kter\u00e9 si u\u017eivatel zvolil b\u011bhem sv\u00e9 n\u00e1v\u0161t\u011bvy (to d\u011bl\u00e1 vyhled\u00e1va\u010d, nap\u0159\u00edklad Google).<\/p>\n<h3>Odkazy na jin\u00e9 webov\u00e9 str\u00e1nky<\/h3>\n<p>Abychom v\u00e1m pomohli doplnit va\u0161e \u010dten\u00ed, zahrnuli jsme do na\u0161ich \u010dl\u00e1nk\u016f n\u011bkter\u00e9 extern\u00ed odkazy. Jsou to str\u00e1nky podobn\u00e9 tomuto, kter\u00e9 maj\u00ed za c\u00edl informovat.<\/p>\n<p>Jakmile v\u0161ak opust\u00edte n\u00e1\u0161 web a p\u0159ejdete na jin\u00fd, neneseme \u017e\u00e1dnou dal\u0161\u00ed odpov\u011bdnost.<\/p>\n<p>Pokud tedy chcete maxim\u00e1ln\u00ed zabezpe\u010den\u00ed, ur\u010dit\u011b si p\u0159e\u010dt\u011bte Z\u00e1sady ochrany osobn\u00edch \u00fadaj\u016f t\u011bchto str\u00e1nek.<\/p>\n<h3>Zm\u011bny t\u011bchto z\u00e1sad ochrany osobn\u00edch \u00fadaj\u016f<\/h3>\n<p>P\u0159i pou\u017e\u00edv\u00e1n\u00ed webu Jornal Semanal je d\u016fle\u017eit\u00e9, abyste se na tuto str\u00e1nku vraceli \u010dast\u011bji. Je to proto, \u017ee tato \u010d\u00e1st Z\u00e1sad ochrany osobn\u00edch \u00fadaj\u016f se m\u016f\u017ee zm\u011bnit bez p\u0159edchoz\u00edho upozorn\u011bn\u00ed.<\/p>\n<p>Pokud m\u00e1te n\u011bjak\u00e9 dotazy, nezapome\u0148te n\u00e1m poslat zpr\u00e1vu v z\u00e1lo\u017ece Kontaktujte n\u00e1s.<\/p>","protected":false},"excerpt":{"rendered":"<p>O Jornal Semanal est\u00e1 lutando para sempre cuidar melhor de seus dados. Dessa forma, ao longo dessa p\u00e1gina, voc\u00ea poder\u00e1 entender um pouco mais sobre como funciona esse processo. Leia com calma e aten\u00e7\u00e3o todos os pontos para que possa concordar com os cookies do site. N\u00e3o queremos compartilhar suas informa\u00e7\u00f5es com ningu\u00e9m, eles servem [&hellip;]<\/p>","protected":false},"author":1,"featured_media":0,"parent":0,"menu_order":0,"comment_status":"closed","ping_status":"closed","template":"","meta":{"footnotes":""},"class_list":["post-314","page","type-page","status-publish"],"yoast_head":"<!-- This site is optimized with the Yoast SEO plugin v26.4 - https:\/\/yoast.com\/wordpress\/plugins\/seo\/ -->\n<title>Pol\u00edtica de Privacidade - Jornal Semanal<\/title>\n<meta name=\"robots\" content=\"index, follow, max-snippet:-1, max-image-preview:large, max-video-preview:-1\" \/>\n<link rel=\"canonical\" href=\"https:\/\/jornalsemanal.com\/cs\/zasady-ochrany-osobnich-udaju\/\" \/>\n<meta property=\"og:locale\" content=\"cs_CZ\" \/>\n<meta property=\"og:type\" content=\"article\" \/>\n<meta property=\"og:title\" content=\"Pol\u00edtica de Privacidade - Jornal Semanal\" \/>\n<meta property=\"og:description\" content=\"O Jornal Semanal est\u00e1 lutando para sempre cuidar melhor de seus dados. Dessa forma, ao longo dessa p\u00e1gina, voc\u00ea poder\u00e1 entender um pouco mais sobre como funciona esse processo. Leia com calma e aten\u00e7\u00e3o todos os pontos para que possa concordar com os cookies do site. N\u00e3o queremos compartilhar suas informa\u00e7\u00f5es com ningu\u00e9m, eles servem [&hellip;]\" \/>\n<meta property=\"og:url\" content=\"https:\/\/jornalsemanal.com\/cs\/zasady-ochrany-osobnich-udaju\/\" \/>\n<meta property=\"og:site_name\" content=\"Jornal Semanal\" \/>\n<meta property=\"article:modified_time\" content=\"2023-03-15T22:30:41+00:00\" \/>\n<meta name=\"twitter:card\" content=\"summary_large_image\" \/>\n<meta name=\"twitter:label1\" content=\"Odhadovan\u00e1 doba \u010dten\u00ed\" \/>\n\t<meta name=\"twitter:data1\" content=\"3 minuty\" \/>\n<script type=\"application\/ld+json\" class=\"yoast-schema-graph\">{\"@context\":\"https:\/\/schema.org\",\"@graph\":[{\"@type\":\"WebPage\",\"@id\":\"https:\/\/jornalsemanal.com\/politica-de-privacidade\/\",\"url\":\"https:\/\/jornalsemanal.com\/politica-de-privacidade\/\",\"name\":\"Pol\u00edtica de Privacidade - Jornal Semanal\",\"isPartOf\":{\"@id\":\"https:\/\/jornalsemanal.com\/#website\"},\"datePublished\":\"2022-09-06T14:06:39+00:00\",\"dateModified\":\"2023-03-15T22:30:41+00:00\",\"breadcrumb\":{\"@id\":\"https:\/\/jornalsemanal.com\/politica-de-privacidade\/#breadcrumb\"},\"inLanguage\":\"cs\",\"potentialAction\":[{\"@type\":\"ReadAction\",\"target\":[\"https:\/\/jornalsemanal.com\/politica-de-privacidade\/\"]}]},{\"@type\":\"BreadcrumbList\",\"@id\":\"https:\/\/jornalsemanal.com\/politica-de-privacidade\/#breadcrumb\",\"itemListElement\":[{\"@type\":\"ListItem\",\"position\":1,\"name\":\"In\u00edcio\",\"item\":\"https:\/\/jornalsemanal.com\/\"},{\"@type\":\"ListItem\",\"position\":2,\"name\":\"Pol\u00edtica de Privacidade\"}]},{\"@type\":\"WebSite\",\"@id\":\"https:\/\/jornalsemanal.com\/#website\",\"url\":\"https:\/\/jornalsemanal.com\/\",\"name\":\"Jornal Semanal\",\"description\":\"Seja bem vindo (a) ao nosso jornal tecnol\u00f3gico.\",\"potentialAction\":[{\"@type\":\"SearchAction\",\"target\":{\"@type\":\"EntryPoint\",\"urlTemplate\":\"https:\/\/jornalsemanal.com\/?s={search_term_string}\"},\"query-input\":{\"@type\":\"PropertyValueSpecification\",\"valueRequired\":true,\"valueName\":\"search_term_string\"}}],\"inLanguage\":\"cs\"}]}<\/script>\n<!-- \/ Yoast SEO plugin. -->","yoast_head_json":{"title":"Z\u00e1sady ochrany osobn\u00edch \u00fadaj\u016f \u2013 Jornal Semanal","robots":{"index":"index","follow":"follow","max-snippet":"max-snippet:-1","max-image-preview":"max-image-preview:large","max-video-preview":"max-video-preview:-1"},"canonical":"https:\/\/jornalsemanal.com\/cs\/zasady-ochrany-osobnich-udaju\/","og_locale":"cs_CZ","og_type":"article","og_title":"Pol\u00edtica de Privacidade - Jornal Semanal","og_description":"O Jornal Semanal est\u00e1 lutando para sempre cuidar melhor de seus dados. Dessa forma, ao longo dessa p\u00e1gina, voc\u00ea poder\u00e1 entender um pouco mais sobre como funciona esse processo. Leia com calma e aten\u00e7\u00e3o todos os pontos para que possa concordar com os cookies do site. N\u00e3o queremos compartilhar suas informa\u00e7\u00f5es com ningu\u00e9m, eles servem [&hellip;]","og_url":"https:\/\/jornalsemanal.com\/cs\/zasady-ochrany-osobnich-udaju\/","og_site_name":"Jornal Semanal","article_modified_time":"2023-03-15T22:30:41+00:00","twitter_card":"summary_large_image","twitter_misc":{"Odhadovan\u00e1 doba \u010dten\u00ed":"3 minuty"},"schema":{"@context":"https:\/\/schema.org","@graph":[{"@type":"WebPage","@id":"https:\/\/jornalsemanal.com\/politica-de-privacidade\/","url":"https:\/\/jornalsemanal.com\/politica-de-privacidade\/","name":"Z\u00e1sady ochrany osobn\u00edch \u00fadaj\u016f \u2013 Jornal Semanal","isPartOf":{"@id":"https:\/\/jornalsemanal.com\/#website"},"datePublished":"2022-09-06T14:06:39+00:00","dateModified":"2023-03-15T22:30:41+00:00","breadcrumb":{"@id":"https:\/\/jornalsemanal.com\/politica-de-privacidade\/#breadcrumb"},"inLanguage":"cs","potentialAction":[{"@type":"ReadAction","target":["https:\/\/jornalsemanal.com\/politica-de-privacidade\/"]}]},{"@type":"BreadcrumbList","@id":"https:\/\/jornalsemanal.com\/politica-de-privacidade\/#breadcrumb","itemListElement":[{"@type":"ListItem","position":1,"name":"In\u00edcio","item":"https:\/\/jornalsemanal.com\/"},{"@type":"ListItem","position":2,"name":"Pol\u00edtica de Privacidade"}]},{"@type":"WebSite","@id":"https:\/\/jornalsemanal.com\/#website","url":"https:\/\/jornalsemanal.com\/","name":"T\u00fdden\u00edk","description":"V\u00edtejte v na\u0161ich technologick\u00fdch novin\u00e1ch.","potentialAction":[{"@type":"SearchAction","target":{"@type":"EntryPoint","urlTemplate":"https:\/\/jornalsemanal.com\/?s={search_term_string}"},"query-input":{"@type":"PropertyValueSpecification","valueRequired":true,"valueName":"search_term_string"}}],"inLanguage":"cs"}]}},"_links":{"self":[{"href":"https:\/\/jornalsemanal.com\/cs\/wp-json\/wp\/v2\/pages\/314","targetHints":{"allow":["GET"]}}],"collection":[{"href":"https:\/\/jornalsemanal.com\/cs\/wp-json\/wp\/v2\/pages"}],"about":[{"href":"https:\/\/jornalsemanal.com\/cs\/wp-json\/wp\/v2\/types\/page"}],"author":[{"embeddable":true,"href":"https:\/\/jornalsemanal.com\/cs\/wp-json\/wp\/v2\/users\/1"}],"replies":[{"embeddable":true,"href":"https:\/\/jornalsemanal.com\/cs\/wp-json\/wp\/v2\/comments?post=314"}],"version-history":[{"count":2,"href":"https:\/\/jornalsemanal.com\/cs\/wp-json\/wp\/v2\/pages\/314\/revisions"}],"predecessor-version":[{"id":820,"href":"https:\/\/jornalsemanal.com\/cs\/wp-json\/wp\/v2\/pages\/314\/revisions\/820"}],"wp:attachment":[{"href":"https:\/\/jornalsemanal.com\/cs\/wp-json\/wp\/v2\/media?parent=314"}],"curies":[{"name":"wp","href":"https:\/\/api.w.org\/{rel}","templated":true}]}}