{"id":316,"date":"2022-09-06T14:09:09","date_gmt":"2022-09-06T14:09:09","guid":{"rendered":"https:\/\/jornalsemanal.com\/?page_id=316"},"modified":"2022-10-28T13:22:37","modified_gmt":"2022-10-28T13:22:37","slug":"podminky-pouziti","status":"publish","type":"page","link":"https:\/\/jornalsemanal.com\/cs\/podminky-pouziti\/","title":{"rendered":"Podm\u00ednky pou\u017eit\u00ed"},"content":{"rendered":"<p>Je d\u016fle\u017eit\u00e9, abyste si tuto str\u00e1nku pozorn\u011b p\u0159e\u010detli. Pokud s n\u011bkter\u00fdm bodem nesouhlas\u00edte, okam\u017eit\u011b str\u00e1nku opus\u0165te.<\/p>\n<p>Tato str\u00e1nka ve skute\u010dnosti obsahuje pravidla pro bezpe\u010dn\u00fd vztah mezi webem a u\u017eivatelem. Spolu se str\u00e1nkou z\u00e1sad ochrany osobn\u00edch \u00fadaj\u016f mus\u00ed b\u00fdt podm\u00ednky pou\u017eit\u00ed vz\u00e1jemn\u011b odsouhlaseny.<\/p>\n<p>Pou\u017e\u00edv\u00e1n\u00ed t\u00e9to webov\u00e9 str\u00e1nky podl\u00e9h\u00e1 n\u00e1sleduj\u00edc\u00edm podm\u00ednk\u00e1m pou\u017eit\u00ed:<\/p>\n<ul>\n<li>Str\u00e1nky s obsahem mohou podl\u00e9hat zm\u011bn\u00e1m bez p\u0159edchoz\u00edho upozorn\u011bn\u00ed.<\/li>\n<li>N\u00e1\u0161 t\u00fdm nikdy nezaru\u010duje, \u017ee informace na t\u00e9to webov\u00e9 str\u00e1nce jsou jedine\u010dn\u00e9 a zcela pravdiv\u00e9. N\u011bkter\u00e9 \u00fadaje se mohou li\u0161it od jin\u00fdch port\u00e1l\u016f.<\/li>\n<li>Pokud pou\u017eijete materi\u00e1l na na\u0161em port\u00e1lu, nejsme zodpov\u011bdn\u00ed za n\u00e1sledky toho.<\/li>\n<li>V \u010dl\u00e1nc\u00edch na na\u0161em webu m\u016f\u017eete naj\u00edt odkazy na blogy t\u0159et\u00edch stran. Nejsme zodpov\u011bdn\u00ed za podm\u00ednky pou\u017eit\u00ed a z\u00e1sady ochrany osobn\u00edch \u00fadaj\u016f t\u011bchto str\u00e1nek, proto si je nezapome\u0148te p\u0159e\u010d\u00edst.<\/li>\n<\/ul>","protected":false},"excerpt":{"rendered":"<p>\u00c9 importante que voc\u00ea leia essa p\u00e1gina com aten\u00e7\u00e3o. Caso n\u00e3o concorde com algum ponto, deixe o site imediatamente. De fato, essa p\u00e1gina cont\u00e9m as regras para um relacionamento seguro entre o site e o usu\u00e1rio. Juntamente com a p\u00e1gina de pol\u00edtica de privacidade, os termos de uso devem ser de comum acordo. O uso [&hellip;]<\/p>","protected":false},"author":1,"featured_media":0,"parent":0,"menu_order":0,"comment_status":"closed","ping_status":"closed","template":"","meta":{"footnotes":""},"class_list":["post-316","page","type-page","status-publish"],"yoast_head":"<!-- This site is optimized with the Yoast SEO plugin v26.4 - https:\/\/yoast.com\/wordpress\/plugins\/seo\/ -->\n<title>Termos de Uso - Jornal Semanal<\/title>\n<meta name=\"robots\" content=\"index, follow, max-snippet:-1, max-image-preview:large, max-video-preview:-1\" \/>\n<link rel=\"canonical\" href=\"https:\/\/jornalsemanal.com\/cs\/podminky-pouziti\/\" \/>\n<meta property=\"og:locale\" content=\"cs_CZ\" \/>\n<meta property=\"og:type\" content=\"article\" \/>\n<meta property=\"og:title\" content=\"Termos de Uso - Jornal Semanal\" \/>\n<meta property=\"og:description\" content=\"\u00c9 importante que voc\u00ea leia essa p\u00e1gina com aten\u00e7\u00e3o. Caso n\u00e3o concorde com algum ponto, deixe o site imediatamente. De fato, essa p\u00e1gina cont\u00e9m as regras para um relacionamento seguro entre o site e o usu\u00e1rio. Juntamente com a p\u00e1gina de pol\u00edtica de privacidade, os termos de uso devem ser de comum acordo. O uso [&hellip;]\" \/>\n<meta property=\"og:url\" content=\"https:\/\/jornalsemanal.com\/cs\/podminky-pouziti\/\" \/>\n<meta property=\"og:site_name\" content=\"Jornal Semanal\" \/>\n<meta property=\"article:modified_time\" content=\"2022-10-28T13:22:37+00:00\" \/>\n<meta name=\"twitter:card\" content=\"summary_large_image\" \/>\n<meta name=\"twitter:label1\" content=\"Odhadovan\u00e1 doba \u010dten\u00ed\" \/>\n\t<meta name=\"twitter:data1\" content=\"1 minuta\" \/>\n<script type=\"application\/ld+json\" class=\"yoast-schema-graph\">{\"@context\":\"https:\/\/schema.org\",\"@graph\":[{\"@type\":\"WebPage\",\"@id\":\"https:\/\/jornalsemanal.com\/termos-de-uso\/\",\"url\":\"https:\/\/jornalsemanal.com\/termos-de-uso\/\",\"name\":\"Termos de Uso - Jornal Semanal\",\"isPartOf\":{\"@id\":\"https:\/\/jornalsemanal.com\/#website\"},\"datePublished\":\"2022-09-06T14:09:09+00:00\",\"dateModified\":\"2022-10-28T13:22:37+00:00\",\"breadcrumb\":{\"@id\":\"https:\/\/jornalsemanal.com\/termos-de-uso\/#breadcrumb\"},\"inLanguage\":\"cs\",\"potentialAction\":[{\"@type\":\"ReadAction\",\"target\":[\"https:\/\/jornalsemanal.com\/termos-de-uso\/\"]}]},{\"@type\":\"BreadcrumbList\",\"@id\":\"https:\/\/jornalsemanal.com\/termos-de-uso\/#breadcrumb\",\"itemListElement\":[{\"@type\":\"ListItem\",\"position\":1,\"name\":\"In\u00edcio\",\"item\":\"https:\/\/jornalsemanal.com\/\"},{\"@type\":\"ListItem\",\"position\":2,\"name\":\"Termos de Uso\"}]},{\"@type\":\"WebSite\",\"@id\":\"https:\/\/jornalsemanal.com\/#website\",\"url\":\"https:\/\/jornalsemanal.com\/\",\"name\":\"Jornal Semanal\",\"description\":\"Seja bem vindo (a) ao nosso jornal tecnol\u00f3gico.\",\"potentialAction\":[{\"@type\":\"SearchAction\",\"target\":{\"@type\":\"EntryPoint\",\"urlTemplate\":\"https:\/\/jornalsemanal.com\/?s={search_term_string}\"},\"query-input\":{\"@type\":\"PropertyValueSpecification\",\"valueRequired\":true,\"valueName\":\"search_term_string\"}}],\"inLanguage\":\"cs\"}]}<\/script>\n<!-- \/ Yoast SEO plugin. -->","yoast_head_json":{"title":"Podm\u00ednky pou\u017eit\u00ed - t\u00fddenn\u00ed noviny","robots":{"index":"index","follow":"follow","max-snippet":"max-snippet:-1","max-image-preview":"max-image-preview:large","max-video-preview":"max-video-preview:-1"},"canonical":"https:\/\/jornalsemanal.com\/cs\/podminky-pouziti\/","og_locale":"cs_CZ","og_type":"article","og_title":"Termos de Uso - Jornal Semanal","og_description":"\u00c9 importante que voc\u00ea leia essa p\u00e1gina com aten\u00e7\u00e3o. Caso n\u00e3o concorde com algum ponto, deixe o site imediatamente. De fato, essa p\u00e1gina cont\u00e9m as regras para um relacionamento seguro entre o site e o usu\u00e1rio. Juntamente com a p\u00e1gina de pol\u00edtica de privacidade, os termos de uso devem ser de comum acordo. O uso [&hellip;]","og_url":"https:\/\/jornalsemanal.com\/cs\/podminky-pouziti\/","og_site_name":"Jornal Semanal","article_modified_time":"2022-10-28T13:22:37+00:00","twitter_card":"summary_large_image","twitter_misc":{"Odhadovan\u00e1 doba \u010dten\u00ed":"1 minuta"},"schema":{"@context":"https:\/\/schema.org","@graph":[{"@type":"WebPage","@id":"https:\/\/jornalsemanal.com\/termos-de-uso\/","url":"https:\/\/jornalsemanal.com\/termos-de-uso\/","name":"Podm\u00ednky pou\u017eit\u00ed - t\u00fddenn\u00ed noviny","isPartOf":{"@id":"https:\/\/jornalsemanal.com\/#website"},"datePublished":"2022-09-06T14:09:09+00:00","dateModified":"2022-10-28T13:22:37+00:00","breadcrumb":{"@id":"https:\/\/jornalsemanal.com\/termos-de-uso\/#breadcrumb"},"inLanguage":"cs","potentialAction":[{"@type":"ReadAction","target":["https:\/\/jornalsemanal.com\/termos-de-uso\/"]}]},{"@type":"BreadcrumbList","@id":"https:\/\/jornalsemanal.com\/termos-de-uso\/#breadcrumb","itemListElement":[{"@type":"ListItem","position":1,"name":"In\u00edcio","item":"https:\/\/jornalsemanal.com\/"},{"@type":"ListItem","position":2,"name":"Termos de Uso"}]},{"@type":"WebSite","@id":"https:\/\/jornalsemanal.com\/#website","url":"https:\/\/jornalsemanal.com\/","name":"T\u00fdden\u00edk","description":"V\u00edtejte v na\u0161ich technologick\u00fdch novin\u00e1ch.","potentialAction":[{"@type":"SearchAction","target":{"@type":"EntryPoint","urlTemplate":"https:\/\/jornalsemanal.com\/?s={search_term_string}"},"query-input":{"@type":"PropertyValueSpecification","valueRequired":true,"valueName":"search_term_string"}}],"inLanguage":"cs"}]}},"_links":{"self":[{"href":"https:\/\/jornalsemanal.com\/cs\/wp-json\/wp\/v2\/pages\/316","targetHints":{"allow":["GET"]}}],"collection":[{"href":"https:\/\/jornalsemanal.com\/cs\/wp-json\/wp\/v2\/pages"}],"about":[{"href":"https:\/\/jornalsemanal.com\/cs\/wp-json\/wp\/v2\/types\/page"}],"author":[{"embeddable":true,"href":"https:\/\/jornalsemanal.com\/cs\/wp-json\/wp\/v2\/users\/1"}],"replies":[{"embeddable":true,"href":"https:\/\/jornalsemanal.com\/cs\/wp-json\/wp\/v2\/comments?post=316"}],"version-history":[{"count":1,"href":"https:\/\/jornalsemanal.com\/cs\/wp-json\/wp\/v2\/pages\/316\/revisions"}],"predecessor-version":[{"id":790,"href":"https:\/\/jornalsemanal.com\/cs\/wp-json\/wp\/v2\/pages\/316\/revisions\/790"}],"wp:attachment":[{"href":"https:\/\/jornalsemanal.com\/cs\/wp-json\/wp\/v2\/media?parent=316"}],"curies":[{"name":"wp","href":"https:\/\/api.w.org\/{rel}","templated":true}]}}