{"id":318,"date":"2022-09-06T14:09:58","date_gmt":"2022-09-06T14:09:58","guid":{"rendered":"https:\/\/jornalsemanal.com\/?page_id=318"},"modified":"2022-10-28T13:22:01","modified_gmt":"2022-10-28T13:22:01","slug":"kdo-jsme","status":"publish","type":"page","link":"https:\/\/jornalsemanal.com\/cs\/kdo-jsme\/","title":{"rendered":"Kdo jsme"},"content":{"rendered":"<p>\u00d3 <a href=\"https:\/\/jornalsemanal.com\/\">T\u00fdden\u00edk<\/a> je port\u00e1l, kter\u00fd oce\u0148uje kvalitu sv\u00e9ho obsahu. Na na\u0161em webu najdete n\u011bkolik kategori\u00ed na r\u016fzn\u00e1 t\u00e9mata, tak\u017ee na\u0161i div\u00e1ci odch\u00e1zej\u00ed dob\u0159e informov\u00e1ni.<\/p>\n<p>V dne\u0161n\u00ed dob\u011b je technologie v\u0161ude a n\u00e1\u0161 t\u00fdm ji spr\u00e1vn\u011b vyu\u017e\u00edv\u00e1, aby p\u0159inesl informace v\u0161em.<\/p>\n<p>\u00d3 <a href=\"https:\/\/jornalsemanal.com\/\">T\u00fdden\u00edk<\/a> je tak\u00e9 ochoten neust\u00e1le bojovat proti slavn\u00fdm \u201efale\u0161n\u00fdm zpr\u00e1v\u00e1m\u201c. Proto m\u00e1me t\u00fdm autor\u016f kvalifikovan\u00fdch informovat ve\u0159ejnost pouze zaj\u00edmav\u00fdm obsahem.<\/p>","protected":false},"excerpt":{"rendered":"<p>O Jornal Semanal \u00e9 um portal que preza pela qualidade do seu conte\u00fado. Em nosso site, \u00e9 poss\u00edvel encontrar v\u00e1rias categorias, de diferentes assuntos, para que nosso p\u00fablico saia daqui bem informado. Hoje em dia, a tecnologia est\u00e1 por toda a parte e nossa equipe a usa corretamente para levar informa\u00e7\u00e3o para todos. O Jornal [&hellip;]<\/p>","protected":false},"author":1,"featured_media":0,"parent":0,"menu_order":0,"comment_status":"closed","ping_status":"closed","template":"","meta":{"footnotes":""},"class_list":["post-318","page","type-page","status-publish"],"yoast_head":"<!-- This site is optimized with the Yoast SEO plugin v26.4 - https:\/\/yoast.com\/wordpress\/plugins\/seo\/ -->\n<title>Quem Somos - Jornal Semanal<\/title>\n<meta name=\"robots\" content=\"index, follow, max-snippet:-1, max-image-preview:large, max-video-preview:-1\" \/>\n<link rel=\"canonical\" href=\"https:\/\/jornalsemanal.com\/cs\/kdo-jsme\/\" \/>\n<meta property=\"og:locale\" content=\"cs_CZ\" \/>\n<meta property=\"og:type\" content=\"article\" \/>\n<meta property=\"og:title\" content=\"Quem Somos - Jornal Semanal\" \/>\n<meta property=\"og:description\" content=\"O Jornal Semanal \u00e9 um portal que preza pela qualidade do seu conte\u00fado. Em nosso site, \u00e9 poss\u00edvel encontrar v\u00e1rias categorias, de diferentes assuntos, para que nosso p\u00fablico saia daqui bem informado. Hoje em dia, a tecnologia est\u00e1 por toda a parte e nossa equipe a usa corretamente para levar informa\u00e7\u00e3o para todos. O Jornal [&hellip;]\" \/>\n<meta property=\"og:url\" content=\"https:\/\/jornalsemanal.com\/cs\/kdo-jsme\/\" \/>\n<meta property=\"og:site_name\" content=\"Jornal Semanal\" \/>\n<meta property=\"article:modified_time\" content=\"2022-10-28T13:22:01+00:00\" \/>\n<meta name=\"twitter:card\" content=\"summary_large_image\" \/>\n<meta name=\"twitter:label1\" content=\"Odhadovan\u00e1 doba \u010dten\u00ed\" \/>\n\t<meta name=\"twitter:data1\" content=\"1 minuta\" \/>\n<script type=\"application\/ld+json\" class=\"yoast-schema-graph\">{\"@context\":\"https:\/\/schema.org\",\"@graph\":[{\"@type\":\"WebPage\",\"@id\":\"https:\/\/jornalsemanal.com\/quem-somos\/\",\"url\":\"https:\/\/jornalsemanal.com\/quem-somos\/\",\"name\":\"Quem Somos - Jornal Semanal\",\"isPartOf\":{\"@id\":\"https:\/\/jornalsemanal.com\/#website\"},\"datePublished\":\"2022-09-06T14:09:58+00:00\",\"dateModified\":\"2022-10-28T13:22:01+00:00\",\"breadcrumb\":{\"@id\":\"https:\/\/jornalsemanal.com\/quem-somos\/#breadcrumb\"},\"inLanguage\":\"cs\",\"potentialAction\":[{\"@type\":\"ReadAction\",\"target\":[\"https:\/\/jornalsemanal.com\/quem-somos\/\"]}]},{\"@type\":\"BreadcrumbList\",\"@id\":\"https:\/\/jornalsemanal.com\/quem-somos\/#breadcrumb\",\"itemListElement\":[{\"@type\":\"ListItem\",\"position\":1,\"name\":\"In\u00edcio\",\"item\":\"https:\/\/jornalsemanal.com\/\"},{\"@type\":\"ListItem\",\"position\":2,\"name\":\"Quem Somos\"}]},{\"@type\":\"WebSite\",\"@id\":\"https:\/\/jornalsemanal.com\/#website\",\"url\":\"https:\/\/jornalsemanal.com\/\",\"name\":\"Jornal Semanal\",\"description\":\"Seja bem vindo (a) ao nosso jornal tecnol\u00f3gico.\",\"potentialAction\":[{\"@type\":\"SearchAction\",\"target\":{\"@type\":\"EntryPoint\",\"urlTemplate\":\"https:\/\/jornalsemanal.com\/?s={search_term_string}\"},\"query-input\":{\"@type\":\"PropertyValueSpecification\",\"valueRequired\":true,\"valueName\":\"search_term_string\"}}],\"inLanguage\":\"cs\"}]}<\/script>\n<!-- \/ Yoast SEO plugin. -->","yoast_head_json":{"title":"Kdo jsme - t\u00fdden\u00edk","robots":{"index":"index","follow":"follow","max-snippet":"max-snippet:-1","max-image-preview":"max-image-preview:large","max-video-preview":"max-video-preview:-1"},"canonical":"https:\/\/jornalsemanal.com\/cs\/kdo-jsme\/","og_locale":"cs_CZ","og_type":"article","og_title":"Quem Somos - Jornal Semanal","og_description":"O Jornal Semanal \u00e9 um portal que preza pela qualidade do seu conte\u00fado. Em nosso site, \u00e9 poss\u00edvel encontrar v\u00e1rias categorias, de diferentes assuntos, para que nosso p\u00fablico saia daqui bem informado. Hoje em dia, a tecnologia est\u00e1 por toda a parte e nossa equipe a usa corretamente para levar informa\u00e7\u00e3o para todos. O Jornal [&hellip;]","og_url":"https:\/\/jornalsemanal.com\/cs\/kdo-jsme\/","og_site_name":"Jornal Semanal","article_modified_time":"2022-10-28T13:22:01+00:00","twitter_card":"summary_large_image","twitter_misc":{"Odhadovan\u00e1 doba \u010dten\u00ed":"1 minuta"},"schema":{"@context":"https:\/\/schema.org","@graph":[{"@type":"WebPage","@id":"https:\/\/jornalsemanal.com\/quem-somos\/","url":"https:\/\/jornalsemanal.com\/quem-somos\/","name":"Kdo jsme - t\u00fdden\u00edk","isPartOf":{"@id":"https:\/\/jornalsemanal.com\/#website"},"datePublished":"2022-09-06T14:09:58+00:00","dateModified":"2022-10-28T13:22:01+00:00","breadcrumb":{"@id":"https:\/\/jornalsemanal.com\/quem-somos\/#breadcrumb"},"inLanguage":"cs","potentialAction":[{"@type":"ReadAction","target":["https:\/\/jornalsemanal.com\/quem-somos\/"]}]},{"@type":"BreadcrumbList","@id":"https:\/\/jornalsemanal.com\/quem-somos\/#breadcrumb","itemListElement":[{"@type":"ListItem","position":1,"name":"In\u00edcio","item":"https:\/\/jornalsemanal.com\/"},{"@type":"ListItem","position":2,"name":"Quem Somos"}]},{"@type":"WebSite","@id":"https:\/\/jornalsemanal.com\/#website","url":"https:\/\/jornalsemanal.com\/","name":"T\u00fdden\u00edk","description":"V\u00edtejte v na\u0161ich technologick\u00fdch novin\u00e1ch.","potentialAction":[{"@type":"SearchAction","target":{"@type":"EntryPoint","urlTemplate":"https:\/\/jornalsemanal.com\/?s={search_term_string}"},"query-input":{"@type":"PropertyValueSpecification","valueRequired":true,"valueName":"search_term_string"}}],"inLanguage":"cs"}]}},"_links":{"self":[{"href":"https:\/\/jornalsemanal.com\/cs\/wp-json\/wp\/v2\/pages\/318","targetHints":{"allow":["GET"]}}],"collection":[{"href":"https:\/\/jornalsemanal.com\/cs\/wp-json\/wp\/v2\/pages"}],"about":[{"href":"https:\/\/jornalsemanal.com\/cs\/wp-json\/wp\/v2\/types\/page"}],"author":[{"embeddable":true,"href":"https:\/\/jornalsemanal.com\/cs\/wp-json\/wp\/v2\/users\/1"}],"replies":[{"embeddable":true,"href":"https:\/\/jornalsemanal.com\/cs\/wp-json\/wp\/v2\/comments?post=318"}],"version-history":[{"count":1,"href":"https:\/\/jornalsemanal.com\/cs\/wp-json\/wp\/v2\/pages\/318\/revisions"}],"predecessor-version":[{"id":789,"href":"https:\/\/jornalsemanal.com\/cs\/wp-json\/wp\/v2\/pages\/318\/revisions\/789"}],"wp:attachment":[{"href":"https:\/\/jornalsemanal.com\/cs\/wp-json\/wp\/v2\/media?parent=318"}],"curies":[{"name":"wp","href":"https:\/\/api.w.org\/{rel}","templated":true}]}}