{"id":314,"date":"2022-09-06T14:06:39","date_gmt":"2022-09-06T14:06:39","guid":{"rendered":"https:\/\/jornalsemanal.com\/?page_id=314"},"modified":"2023-03-15T22:30:41","modified_gmt":"2023-03-15T22:30:41","slug":"politica-de-privacidad","status":"publish","type":"page","link":"https:\/\/jornalsemanal.com\/es\/politica-de-privacidad\/","title":{"rendered":"Pol\u00edtica de privacidad"},"content":{"rendered":"<p>Jornal Semanal lucha por cuidar cada vez mejor sus datos. De esta manera, a lo largo de esta p\u00e1gina podr\u00e1s comprender un poco m\u00e1s c\u00f3mo funciona este proceso.<\/p>\n<p>Lee todos los puntos con calma y atenci\u00f3n para que puedas aceptar las cookies del sitio. No queremos compartir tu informaci\u00f3n con nadie, son s\u00f3lo para nuestra base de datos.<\/p>\n<h3>Publicidad personalizada<\/h3>\n<p>Los usuarios pueden optar por no recibir publicidad personalizada visitando el <a href=\"https:\/\/adssettings.google.com\/authenticated\">Configuraci\u00f3n de anuncios<\/a>. Alternativamente, puede dirigir a los usuarios para que accedan al sitio. <a href=\"https:\/\/optout.aboutads.info\/?c=2&amp;lang=ES\">www.aboutads.info<\/a> deshabilitar el uso de cookies de publicidad personalizada de terceros.<\/p>\n<h3>Recopilaci\u00f3n y uso de informaci\u00f3n<\/h3>\n<p>Mientras navega por nuestro sitio web, puede aparecer una p\u00e1gina invit\u00e1ndole a compartir sus datos personales, como su nombre y n\u00famero de tel\u00e9fono.<\/p>\n<p>Tenga en cuenta que no los divulgaremos y que solo se utilizan para identificarlo.<\/p>\n<h3>Galletas<\/h3>\n<p>Una cookie es un peque\u00f1o archivo muy simple, en realidad texto, que se guarda en el disco duro del ordenador de un internauta a petici\u00f3n del servidor que gestiona el sitio web visitado.<\/p>\n<p>Contiene informaci\u00f3n sobre c\u00f3mo navega por las p\u00e1ginas de este sitio web. La idea original es facilitar que la misma persona utilice el sitio m\u00e1s adelante.<\/p>\n<p>Entonces, si regresa a un sitio web donde complet\u00f3 un formulario con su nombre, ser\u00e1 recibido con un \u201cHola, su nombre\u201d.<\/p>\n<p>Adem\u00e1s de saludar, una cookie se utiliza para recordar las preferencias elegidas por un usuario durante su visita (esto es lo que hace un motor de b\u00fasqueda, por ejemplo Google).<\/p>\n<h3>Enlaces a otros sitios web<\/h3>\n<p>Para ayudar a complementar su lectura, hemos incluido algunos enlaces externos en nuestros art\u00edculos. Son sitios similares a este que tienen como objetivo informar.<\/p>\n<p>Sin embargo, una vez que abandona nuestro sitio web para ir a otro, no tenemos ninguna responsabilidad adicional.<\/p>\n<p>Por tanto, si quieres la m\u00e1xima seguridad, no dejes de leer la Pol\u00edtica de Privacidad de estos sitios.<\/p>\n<h3>Cambios a esta Pol\u00edtica de Privacidad<\/h3>\n<p>Es importante que regrese a esta p\u00e1gina con m\u00e1s frecuencia cuando utilice el sitio web de Jornal Semanal. Esto se debe a que esta parte de la Pol\u00edtica de Privacidad puede cambiar sin previo aviso.<\/p>\n<p>Si tiene alguna pregunta, aseg\u00farese de enviarnos un mensaje en la pesta\u00f1a Cont\u00e1ctenos.<\/p>","protected":false},"excerpt":{"rendered":"<p>O Jornal Semanal est\u00e1 lutando para sempre cuidar melhor de seus dados. Dessa forma, ao longo dessa p\u00e1gina, voc\u00ea poder\u00e1 entender um pouco mais sobre como funciona esse processo. Leia com calma e aten\u00e7\u00e3o todos os pontos para que possa concordar com os cookies do site. N\u00e3o queremos compartilhar suas informa\u00e7\u00f5es com ningu\u00e9m, eles servem [&hellip;]<\/p>","protected":false},"author":1,"featured_media":0,"parent":0,"menu_order":0,"comment_status":"closed","ping_status":"closed","template":"","meta":{"footnotes":""},"class_list":["post-314","page","type-page","status-publish"],"yoast_head":"<!-- This site is optimized with the Yoast SEO plugin v26.4 - https:\/\/yoast.com\/wordpress\/plugins\/seo\/ -->\n<title>Pol\u00edtica de Privacidade - Jornal Semanal<\/title>\n<meta name=\"robots\" content=\"index, follow, max-snippet:-1, max-image-preview:large, max-video-preview:-1\" \/>\n<link rel=\"canonical\" href=\"https:\/\/jornalsemanal.com\/es\/politica-de-privacidad\/\" \/>\n<meta property=\"og:locale\" content=\"es_ES\" \/>\n<meta property=\"og:type\" content=\"article\" \/>\n<meta property=\"og:title\" content=\"Pol\u00edtica de Privacidade - Jornal Semanal\" \/>\n<meta property=\"og:description\" content=\"O Jornal Semanal est\u00e1 lutando para sempre cuidar melhor de seus dados. Dessa forma, ao longo dessa p\u00e1gina, voc\u00ea poder\u00e1 entender um pouco mais sobre como funciona esse processo. Leia com calma e aten\u00e7\u00e3o todos os pontos para que possa concordar com os cookies do site. N\u00e3o queremos compartilhar suas informa\u00e7\u00f5es com ningu\u00e9m, eles servem [&hellip;]\" \/>\n<meta property=\"og:url\" content=\"https:\/\/jornalsemanal.com\/es\/politica-de-privacidad\/\" \/>\n<meta property=\"og:site_name\" content=\"Jornal Semanal\" \/>\n<meta property=\"article:modified_time\" content=\"2023-03-15T22:30:41+00:00\" \/>\n<meta name=\"twitter:card\" content=\"summary_large_image\" \/>\n<meta name=\"twitter:label1\" content=\"Tiempo de lectura\" \/>\n\t<meta name=\"twitter:data1\" content=\"3 minutos\" \/>\n<script type=\"application\/ld+json\" class=\"yoast-schema-graph\">{\"@context\":\"https:\/\/schema.org\",\"@graph\":[{\"@type\":\"WebPage\",\"@id\":\"https:\/\/jornalsemanal.com\/politica-de-privacidade\/\",\"url\":\"https:\/\/jornalsemanal.com\/politica-de-privacidade\/\",\"name\":\"Pol\u00edtica de Privacidade - Jornal Semanal\",\"isPartOf\":{\"@id\":\"https:\/\/jornalsemanal.com\/#website\"},\"datePublished\":\"2022-09-06T14:06:39+00:00\",\"dateModified\":\"2023-03-15T22:30:41+00:00\",\"breadcrumb\":{\"@id\":\"https:\/\/jornalsemanal.com\/politica-de-privacidade\/#breadcrumb\"},\"inLanguage\":\"es\",\"potentialAction\":[{\"@type\":\"ReadAction\",\"target\":[\"https:\/\/jornalsemanal.com\/politica-de-privacidade\/\"]}]},{\"@type\":\"BreadcrumbList\",\"@id\":\"https:\/\/jornalsemanal.com\/politica-de-privacidade\/#breadcrumb\",\"itemListElement\":[{\"@type\":\"ListItem\",\"position\":1,\"name\":\"In\u00edcio\",\"item\":\"https:\/\/jornalsemanal.com\/\"},{\"@type\":\"ListItem\",\"position\":2,\"name\":\"Pol\u00edtica de Privacidade\"}]},{\"@type\":\"WebSite\",\"@id\":\"https:\/\/jornalsemanal.com\/#website\",\"url\":\"https:\/\/jornalsemanal.com\/\",\"name\":\"Jornal Semanal\",\"description\":\"Seja bem vindo (a) ao nosso jornal tecnol\u00f3gico.\",\"potentialAction\":[{\"@type\":\"SearchAction\",\"target\":{\"@type\":\"EntryPoint\",\"urlTemplate\":\"https:\/\/jornalsemanal.com\/?s={search_term_string}\"},\"query-input\":{\"@type\":\"PropertyValueSpecification\",\"valueRequired\":true,\"valueName\":\"search_term_string\"}}],\"inLanguage\":\"es\"}]}<\/script>\n<!-- \/ Yoast SEO plugin. -->","yoast_head_json":{"title":"Pol\u00edtica de Privacidad - Diario Semanal","robots":{"index":"index","follow":"follow","max-snippet":"max-snippet:-1","max-image-preview":"max-image-preview:large","max-video-preview":"max-video-preview:-1"},"canonical":"https:\/\/jornalsemanal.com\/es\/politica-de-privacidad\/","og_locale":"es_ES","og_type":"article","og_title":"Pol\u00edtica de Privacidade - Jornal Semanal","og_description":"O Jornal Semanal est\u00e1 lutando para sempre cuidar melhor de seus dados. Dessa forma, ao longo dessa p\u00e1gina, voc\u00ea poder\u00e1 entender um pouco mais sobre como funciona esse processo. Leia com calma e aten\u00e7\u00e3o todos os pontos para que possa concordar com os cookies do site. N\u00e3o queremos compartilhar suas informa\u00e7\u00f5es com ningu\u00e9m, eles servem [&hellip;]","og_url":"https:\/\/jornalsemanal.com\/es\/politica-de-privacidad\/","og_site_name":"Jornal Semanal","article_modified_time":"2023-03-15T22:30:41+00:00","twitter_card":"summary_large_image","twitter_misc":{"Tiempo de lectura":"3 minutos"},"schema":{"@context":"https:\/\/schema.org","@graph":[{"@type":"WebPage","@id":"https:\/\/jornalsemanal.com\/politica-de-privacidade\/","url":"https:\/\/jornalsemanal.com\/politica-de-privacidade\/","name":"Pol\u00edtica de Privacidad - Diario Semanal","isPartOf":{"@id":"https:\/\/jornalsemanal.com\/#website"},"datePublished":"2022-09-06T14:06:39+00:00","dateModified":"2023-03-15T22:30:41+00:00","breadcrumb":{"@id":"https:\/\/jornalsemanal.com\/politica-de-privacidade\/#breadcrumb"},"inLanguage":"es","potentialAction":[{"@type":"ReadAction","target":["https:\/\/jornalsemanal.com\/politica-de-privacidade\/"]}]},{"@type":"BreadcrumbList","@id":"https:\/\/jornalsemanal.com\/politica-de-privacidade\/#breadcrumb","itemListElement":[{"@type":"ListItem","position":1,"name":"In\u00edcio","item":"https:\/\/jornalsemanal.com\/"},{"@type":"ListItem","position":2,"name":"Pol\u00edtica de Privacidade"}]},{"@type":"WebSite","@id":"https:\/\/jornalsemanal.com\/#website","url":"https:\/\/jornalsemanal.com\/","name":"Periodico semanal","description":"Bienvenidos a nuestro peri\u00f3dico tecnol\u00f3gico.","potentialAction":[{"@type":"SearchAction","target":{"@type":"EntryPoint","urlTemplate":"https:\/\/jornalsemanal.com\/?s={search_term_string}"},"query-input":{"@type":"PropertyValueSpecification","valueRequired":true,"valueName":"search_term_string"}}],"inLanguage":"es"}]}},"_links":{"self":[{"href":"https:\/\/jornalsemanal.com\/es\/wp-json\/wp\/v2\/pages\/314","targetHints":{"allow":["GET"]}}],"collection":[{"href":"https:\/\/jornalsemanal.com\/es\/wp-json\/wp\/v2\/pages"}],"about":[{"href":"https:\/\/jornalsemanal.com\/es\/wp-json\/wp\/v2\/types\/page"}],"author":[{"embeddable":true,"href":"https:\/\/jornalsemanal.com\/es\/wp-json\/wp\/v2\/users\/1"}],"replies":[{"embeddable":true,"href":"https:\/\/jornalsemanal.com\/es\/wp-json\/wp\/v2\/comments?post=314"}],"version-history":[{"count":2,"href":"https:\/\/jornalsemanal.com\/es\/wp-json\/wp\/v2\/pages\/314\/revisions"}],"predecessor-version":[{"id":820,"href":"https:\/\/jornalsemanal.com\/es\/wp-json\/wp\/v2\/pages\/314\/revisions\/820"}],"wp:attachment":[{"href":"https:\/\/jornalsemanal.com\/es\/wp-json\/wp\/v2\/media?parent=314"}],"curies":[{"name":"wp","href":"https:\/\/api.w.org\/{rel}","templated":true}]}}