{"id":314,"date":"2022-09-06T14:06:39","date_gmt":"2022-09-06T14:06:39","guid":{"rendered":"https:\/\/jornalsemanal.com\/?page_id=314"},"modified":"2023-03-15T22:30:41","modified_gmt":"2023-03-15T22:30:41","slug":"politika-privatnosti","status":"publish","type":"page","link":"https:\/\/jornalsemanal.com\/hr\/politika-privatnosti\/","title":{"rendered":"Politika privatnosti"},"content":{"rendered":"<p>Jornal Semanal se bori da se uvijek bolje brine o svojim podacima. Na ovaj na\u010din, kroz ovu stranicu, mo\u0107i \u0107ete razumjeti ne\u0161to vi\u0161e o tome kako ovaj proces funkcionira.<\/p>\n<p>Mirno i pa\u017eljivo pro\u010ditajte sve to\u010dke kako biste se slo\u017eili s kola\u010di\u0107ima stranice. Va\u0161e podatke ne \u017eelimo dijeliti ni s kim, oni su samo za na\u0161u bazu podataka.<\/p>\n<h3>Personalizirano ogla\u0161avanje<\/h3>\n<p>Korisnici se mogu isklju\u010diti iz personaliziranog ogla\u0161avanja posjetom <a href=\"https:\/\/adssettings.google.com\/authenticated\">Postavke oglasa<\/a>. Alternativno, mo\u017eete usmjeriti korisnike da pristupe stranici <a href=\"https:\/\/optout.aboutads.info\/?c=2&amp;lang=ES\">www.aboutads.info<\/a> kako biste onemogu\u0107ili kori\u0161tenje personaliziranih ogla\u0161iva\u010dkih kola\u010di\u0107a tre\u0107ih strana.<\/p>\n<h3>Prikupljanje i kori\u0161tenje informacija<\/h3>\n<p>Dok pregledavate na\u0161u web stranicu, mo\u017ee se pojaviti stranica koja vas poziva da podijelite svoje osobne podatke, kao \u0161to su va\u0161e ime i telefonski broj.<\/p>\n<p>Imajte na umu da ih ne\u0107emo otkriti i da se koriste samo za va\u0161u identifikaciju.<\/p>\n<h3>Kola\u010di\u0107i<\/h3>\n<p>Kola\u010di\u0107 je vrlo jednostavna mala datoteka, zapravo tekst, koja se sprema na tvrdi disk ra\u010dunala internetskog korisnika na zahtjev poslu\u017eitelja koji upravlja posje\u0107enom web stranicom.<\/p>\n<p>Sadr\u017ei informacije o tome kako se kre\u0107ete stranicama ove web stranice. Izvorna ideja je olak\u0161ati kasniju upotrebu stranice istoj osobi.<\/p>\n<p>Dakle, ako se vratite na web stranicu na kojoj ste ispunili obrazac sa svojim imenom, do\u010dekat \u0107e vas &quot;Zdravo, va\u0161e ime&quot;.<\/p>\n<p>Osim pozdrava, kola\u010di\u0107 se koristi za podsje\u0107anje na postavke koje je korisnik odabrao tijekom svog posjeta (to radi tra\u017eilica, na primjer Google).<\/p>\n<h3>Linkovi na druge web stranice<\/h3>\n<p>Kako bismo vam pomogli upotpuniti \u010ditanje, uklju\u010dili smo neke vanjske poveznice u na\u0161e \u010dlanke. Ovo su stranice sli\u010dne ovoj koje imaju za cilj informirati.<\/p>\n<p>Me\u0111utim, nakon \u0161to napustite na\u0161u web stranicu kako biste oti\u0161li na drugu, nemamo daljnju odgovornost.<\/p>\n<p>Stoga, ako \u017eelite maksimalnu sigurnost, svakako pro\u010ditajte Politiku privatnosti ovih stranica.<\/p>\n<h3>Promjene ove Politike privatnosti<\/h3>\n<p>Va\u017eno je da se \u010de\u0161\u0107e vra\u0107ate na ovu stranicu kada koristite web stranicu Jornal Semanal. To je zato \u0161to se ovaj dio Politike privatnosti mo\u017ee promijeniti bez prethodne obavijesti.<\/p>\n<p>Ako imate pitanja, svakako nam po\u0161aljite poruku u kartici Kontaktirajte nas.<\/p>","protected":false},"excerpt":{"rendered":"<p>O Jornal Semanal est\u00e1 lutando para sempre cuidar melhor de seus dados. Dessa forma, ao longo dessa p\u00e1gina, voc\u00ea poder\u00e1 entender um pouco mais sobre como funciona esse processo. Leia com calma e aten\u00e7\u00e3o todos os pontos para que possa concordar com os cookies do site. N\u00e3o queremos compartilhar suas informa\u00e7\u00f5es com ningu\u00e9m, eles servem [&hellip;]<\/p>","protected":false},"author":1,"featured_media":0,"parent":0,"menu_order":0,"comment_status":"closed","ping_status":"closed","template":"","meta":{"footnotes":""},"class_list":["post-314","page","type-page","status-publish"],"yoast_head":"<!-- This site is optimized with the Yoast SEO plugin v26.4 - https:\/\/yoast.com\/wordpress\/plugins\/seo\/ -->\n<title>Pol\u00edtica de Privacidade - Jornal Semanal<\/title>\n<meta name=\"robots\" content=\"index, follow, max-snippet:-1, max-image-preview:large, max-video-preview:-1\" \/>\n<link rel=\"canonical\" href=\"https:\/\/jornalsemanal.com\/hr\/politika-privatnosti\/\" \/>\n<meta property=\"og:locale\" content=\"hr_HR\" \/>\n<meta property=\"og:type\" content=\"article\" \/>\n<meta property=\"og:title\" content=\"Pol\u00edtica de Privacidade - Jornal Semanal\" \/>\n<meta property=\"og:description\" content=\"O Jornal Semanal est\u00e1 lutando para sempre cuidar melhor de seus dados. Dessa forma, ao longo dessa p\u00e1gina, voc\u00ea poder\u00e1 entender um pouco mais sobre como funciona esse processo. Leia com calma e aten\u00e7\u00e3o todos os pontos para que possa concordar com os cookies do site. N\u00e3o queremos compartilhar suas informa\u00e7\u00f5es com ningu\u00e9m, eles servem [&hellip;]\" \/>\n<meta property=\"og:url\" content=\"https:\/\/jornalsemanal.com\/hr\/politika-privatnosti\/\" \/>\n<meta property=\"og:site_name\" content=\"Jornal Semanal\" \/>\n<meta property=\"article:modified_time\" content=\"2023-03-15T22:30:41+00:00\" \/>\n<meta name=\"twitter:card\" content=\"summary_large_image\" \/>\n<meta name=\"twitter:label1\" content=\"Procijenjeno vrijeme \u010ditanja\" \/>\n\t<meta name=\"twitter:data1\" content=\"3 minute\" \/>\n<script type=\"application\/ld+json\" class=\"yoast-schema-graph\">{\"@context\":\"https:\/\/schema.org\",\"@graph\":[{\"@type\":\"WebPage\",\"@id\":\"https:\/\/jornalsemanal.com\/politica-de-privacidade\/\",\"url\":\"https:\/\/jornalsemanal.com\/politica-de-privacidade\/\",\"name\":\"Pol\u00edtica de Privacidade - Jornal Semanal\",\"isPartOf\":{\"@id\":\"https:\/\/jornalsemanal.com\/#website\"},\"datePublished\":\"2022-09-06T14:06:39+00:00\",\"dateModified\":\"2023-03-15T22:30:41+00:00\",\"breadcrumb\":{\"@id\":\"https:\/\/jornalsemanal.com\/politica-de-privacidade\/#breadcrumb\"},\"inLanguage\":\"hr\",\"potentialAction\":[{\"@type\":\"ReadAction\",\"target\":[\"https:\/\/jornalsemanal.com\/politica-de-privacidade\/\"]}]},{\"@type\":\"BreadcrumbList\",\"@id\":\"https:\/\/jornalsemanal.com\/politica-de-privacidade\/#breadcrumb\",\"itemListElement\":[{\"@type\":\"ListItem\",\"position\":1,\"name\":\"In\u00edcio\",\"item\":\"https:\/\/jornalsemanal.com\/\"},{\"@type\":\"ListItem\",\"position\":2,\"name\":\"Pol\u00edtica de Privacidade\"}]},{\"@type\":\"WebSite\",\"@id\":\"https:\/\/jornalsemanal.com\/#website\",\"url\":\"https:\/\/jornalsemanal.com\/\",\"name\":\"Jornal Semanal\",\"description\":\"Seja bem vindo (a) ao nosso jornal tecnol\u00f3gico.\",\"potentialAction\":[{\"@type\":\"SearchAction\",\"target\":{\"@type\":\"EntryPoint\",\"urlTemplate\":\"https:\/\/jornalsemanal.com\/?s={search_term_string}\"},\"query-input\":{\"@type\":\"PropertyValueSpecification\",\"valueRequired\":true,\"valueName\":\"search_term_string\"}}],\"inLanguage\":\"hr\"}]}<\/script>\n<!-- \/ Yoast SEO plugin. -->","yoast_head_json":{"title":"Politika privatnosti - Jornal Semanal","robots":{"index":"index","follow":"follow","max-snippet":"max-snippet:-1","max-image-preview":"max-image-preview:large","max-video-preview":"max-video-preview:-1"},"canonical":"https:\/\/jornalsemanal.com\/hr\/politika-privatnosti\/","og_locale":"hr_HR","og_type":"article","og_title":"Pol\u00edtica de Privacidade - Jornal Semanal","og_description":"O Jornal Semanal est\u00e1 lutando para sempre cuidar melhor de seus dados. Dessa forma, ao longo dessa p\u00e1gina, voc\u00ea poder\u00e1 entender um pouco mais sobre como funciona esse processo. Leia com calma e aten\u00e7\u00e3o todos os pontos para que possa concordar com os cookies do site. N\u00e3o queremos compartilhar suas informa\u00e7\u00f5es com ningu\u00e9m, eles servem [&hellip;]","og_url":"https:\/\/jornalsemanal.com\/hr\/politika-privatnosti\/","og_site_name":"Jornal Semanal","article_modified_time":"2023-03-15T22:30:41+00:00","twitter_card":"summary_large_image","twitter_misc":{"Procijenjeno vrijeme \u010ditanja":"3 minute"},"schema":{"@context":"https:\/\/schema.org","@graph":[{"@type":"WebPage","@id":"https:\/\/jornalsemanal.com\/politica-de-privacidade\/","url":"https:\/\/jornalsemanal.com\/politica-de-privacidade\/","name":"Politika privatnosti - Jornal Semanal","isPartOf":{"@id":"https:\/\/jornalsemanal.com\/#website"},"datePublished":"2022-09-06T14:06:39+00:00","dateModified":"2023-03-15T22:30:41+00:00","breadcrumb":{"@id":"https:\/\/jornalsemanal.com\/politica-de-privacidade\/#breadcrumb"},"inLanguage":"hr","potentialAction":[{"@type":"ReadAction","target":["https:\/\/jornalsemanal.com\/politica-de-privacidade\/"]}]},{"@type":"BreadcrumbList","@id":"https:\/\/jornalsemanal.com\/politica-de-privacidade\/#breadcrumb","itemListElement":[{"@type":"ListItem","position":1,"name":"In\u00edcio","item":"https:\/\/jornalsemanal.com\/"},{"@type":"ListItem","position":2,"name":"Pol\u00edtica de Privacidade"}]},{"@type":"WebSite","@id":"https:\/\/jornalsemanal.com\/#website","url":"https:\/\/jornalsemanal.com\/","name":"Tjedne novine","description":"Dobrodo\u0161li u na\u0161e tehnolo\u0161ke novine.","potentialAction":[{"@type":"SearchAction","target":{"@type":"EntryPoint","urlTemplate":"https:\/\/jornalsemanal.com\/?s={search_term_string}"},"query-input":{"@type":"PropertyValueSpecification","valueRequired":true,"valueName":"search_term_string"}}],"inLanguage":"hr"}]}},"_links":{"self":[{"href":"https:\/\/jornalsemanal.com\/hr\/wp-json\/wp\/v2\/pages\/314","targetHints":{"allow":["GET"]}}],"collection":[{"href":"https:\/\/jornalsemanal.com\/hr\/wp-json\/wp\/v2\/pages"}],"about":[{"href":"https:\/\/jornalsemanal.com\/hr\/wp-json\/wp\/v2\/types\/page"}],"author":[{"embeddable":true,"href":"https:\/\/jornalsemanal.com\/hr\/wp-json\/wp\/v2\/users\/1"}],"replies":[{"embeddable":true,"href":"https:\/\/jornalsemanal.com\/hr\/wp-json\/wp\/v2\/comments?post=314"}],"version-history":[{"count":2,"href":"https:\/\/jornalsemanal.com\/hr\/wp-json\/wp\/v2\/pages\/314\/revisions"}],"predecessor-version":[{"id":820,"href":"https:\/\/jornalsemanal.com\/hr\/wp-json\/wp\/v2\/pages\/314\/revisions\/820"}],"wp:attachment":[{"href":"https:\/\/jornalsemanal.com\/hr\/wp-json\/wp\/v2\/media?parent=314"}],"curies":[{"name":"wp","href":"https:\/\/api.w.org\/{rel}","templated":true}]}}