{"id":314,"date":"2022-09-06T14:06:39","date_gmt":"2022-09-06T14:06:39","guid":{"rendered":"https:\/\/jornalsemanal.com\/?page_id=314"},"modified":"2023-03-15T22:30:41","modified_gmt":"2023-03-15T22:30:41","slug":"adatvedelmi-iranyelvek","status":"publish","type":"page","link":"https:\/\/jornalsemanal.com\/hu\/adatvedelmi-iranyelvek\/","title":{"rendered":"Adatv\u00e9delmi ir\u00e1nyelvek"},"content":{"rendered":"<p>A Jornal Semanal az\u00e9rt k\u00fczd, hogy mindig jobban vigy\u00e1zzon adataira. \u00cdgy ezen az oldalon egy kicsit t\u00f6bbet megtudhat a folyamat m\u0171k\u00f6d\u00e9s\u00e9r\u0151l.<\/p>\n<p>Nyugodtan \u00e9s figyelmesen olvassa el az \u00f6sszes pontot, hogy beleegyezzen a webhely cookie-jaiba. Az \u00d6n adatait senkivel nem akarjuk megosztani, azok csak az adatb\u00e1zisunk sz\u00e1m\u00e1ra k\u00e9sz\u00fcltek.<\/p>\n<h3>Szem\u00e9lyre szabott rekl\u00e1moz\u00e1s<\/h3>\n<p>A felhaszn\u00e1l\u00f3k leiratkozhatnak a szem\u00e9lyre szabott hirdet\u00e9sekr\u0151l, ha felkeresik a <a href=\"https:\/\/adssettings.google.com\/authenticated\">Hirdet\u00e9sbe\u00e1ll\u00edt\u00e1sok<\/a>. Alternat\u00edv megold\u00e1sk\u00e9nt a felhaszn\u00e1l\u00f3kat a webhely el\u00e9r\u00e9s\u00e9re ir\u00e1ny\u00edthatja <a href=\"https:\/\/optout.aboutads.info\/?c=2&amp;lang=ES\">www.aboutads.info<\/a> a harmadik f\u00e9l szem\u00e9lyre szabott hirdet\u00e9si cookie-jainak letilt\u00e1s\u00e1hoz.<\/p>\n<h3>Inform\u00e1ci\u00f3gy\u0171jt\u00e9s \u00e9s -felhaszn\u00e1l\u00e1s<\/h3>\n<p>Weboldalunk b\u00f6ng\u00e9sz\u00e9se k\u00f6zben megjelenhet egy oldal, amely felk\u00e9ri szem\u00e9lyes adatainak, p\u00e9ld\u00e1ul neve \u00e9s telefonsz\u00e1ma megoszt\u00e1s\u00e1ra.<\/p>\n<p>K\u00e9rj\u00fck, vegye figyelembe, hogy ezeket nem hozzuk nyilv\u00e1noss\u00e1gra, \u00e9s csak az \u00d6n azonos\u00edt\u00e1s\u00e1ra haszn\u00e1ljuk.<\/p>\n<h3>Cookie-k<\/h3>\n<p>A cookie egy nagyon egyszer\u0171 kis f\u00e1jl, tulajdonk\u00e9ppen sz\u00f6veg, amely a megl\u00e1togatott weboldalt kezel\u0151 szerver k\u00e9r\u00e9s\u00e9re az internethaszn\u00e1l\u00f3 sz\u00e1m\u00edt\u00f3g\u00e9p\u00e9nek merevlemez\u00e9re menti.<\/p>\n<p>Inform\u00e1ci\u00f3kat tartalmaz arr\u00f3l, hogyan navig\u00e1l a webhely oldalain. Az eredeti \u00f6tlet az volt, hogy ugyanaz a szem\u00e9ly k\u00e9s\u0151bb k\u00f6nnyebben tudja haszn\u00e1lni az oldalt.<\/p>\n<p>Teh\u00e1t, ha visszat\u00e9r egy webhelyre, ahol kit\u00f6lt\u00f6tt egy \u0171rlapot a nev\u00e9vel, akkor a \u201eHello, your name\u201d \u00fczenet fogadja.<\/p>\n<p>Amellett, hogy k\u00f6sz\u00f6n, egy cookie-t haszn\u00e1lnak a felhaszn\u00e1l\u00f3 \u00e1ltal a l\u00e1togat\u00e1s sor\u00e1n v\u00e1lasztott preferenci\u00e1k felid\u00e9z\u00e9s\u00e9re (ezt teszi a keres\u0151, p\u00e9ld\u00e1ul a Google).<\/p>\n<h3>M\u00e1s weboldalakra mutat\u00f3 hivatkoz\u00e1sok<\/h3>\n<p>Az olvas\u00e1s kieg\u00e9sz\u00edt\u00e9se \u00e9rdek\u00e9ben cikkeinkben n\u00e9h\u00e1ny k\u00fcls\u0151 hivatkoz\u00e1st is elhelyezt\u00fcnk. Ezek az ehhez hasonl\u00f3 oldalak, amelyek t\u00e1j\u00e9koztat\u00e1st ny\u00fajtanak.<\/p>\n<p>Ha azonban elhagyja a webhely\u00fcnket, \u00e9s egy m\u00e1sikra l\u00e9p, nem v\u00e1llalunk tov\u00e1bbi felel\u0151ss\u00e9get.<\/p>\n<p>Ez\u00e9rt, ha maxim\u00e1lis biztons\u00e1got szeretne, felt\u00e9tlen\u00fcl olvassa el ezen oldalak adatv\u00e9delmi szab\u00e1lyzat\u00e1t.<\/p>\n<h3>Jelen Adatv\u00e9delmi szab\u00e1lyzat v\u00e1ltoz\u00e1sai<\/h3>\n<p>Fontos, hogy a Jornal Semanal webhely haszn\u00e1latakor gyakrabban t\u00e9rjen vissza erre az oldalra. Ennek az az oka, hogy az Adatv\u00e9delmi szab\u00e1lyzat ezen r\u00e9sze el\u0151zetes \u00e9rtes\u00edt\u00e9s n\u00e9lk\u00fcl v\u00e1ltozhat.<\/p>\n<p>Ha k\u00e9rd\u00e9se van, felt\u00e9tlen\u00fcl k\u00fcldj\u00f6n nek\u00fcnk \u00fczenetet a Kapcsolat lapon.<\/p>","protected":false},"excerpt":{"rendered":"<p>O Jornal Semanal est\u00e1 lutando para sempre cuidar melhor de seus dados. Dessa forma, ao longo dessa p\u00e1gina, voc\u00ea poder\u00e1 entender um pouco mais sobre como funciona esse processo. Leia com calma e aten\u00e7\u00e3o todos os pontos para que possa concordar com os cookies do site. N\u00e3o queremos compartilhar suas informa\u00e7\u00f5es com ningu\u00e9m, eles servem [&hellip;]<\/p>","protected":false},"author":1,"featured_media":0,"parent":0,"menu_order":0,"comment_status":"closed","ping_status":"closed","template":"","meta":{"footnotes":""},"class_list":["post-314","page","type-page","status-publish"],"yoast_head":"<!-- This site is optimized with the Yoast SEO plugin v26.4 - https:\/\/yoast.com\/wordpress\/plugins\/seo\/ -->\n<title>Pol\u00edtica de Privacidade - Jornal Semanal<\/title>\n<meta name=\"robots\" content=\"index, follow, max-snippet:-1, max-image-preview:large, max-video-preview:-1\" \/>\n<link rel=\"canonical\" href=\"https:\/\/jornalsemanal.com\/hu\/adatvedelmi-iranyelvek\/\" \/>\n<meta property=\"og:locale\" content=\"hu_HU\" \/>\n<meta property=\"og:type\" content=\"article\" \/>\n<meta property=\"og:title\" content=\"Pol\u00edtica de Privacidade - Jornal Semanal\" \/>\n<meta property=\"og:description\" content=\"O Jornal Semanal est\u00e1 lutando para sempre cuidar melhor de seus dados. Dessa forma, ao longo dessa p\u00e1gina, voc\u00ea poder\u00e1 entender um pouco mais sobre como funciona esse processo. Leia com calma e aten\u00e7\u00e3o todos os pontos para que possa concordar com os cookies do site. N\u00e3o queremos compartilhar suas informa\u00e7\u00f5es com ningu\u00e9m, eles servem [&hellip;]\" \/>\n<meta property=\"og:url\" content=\"https:\/\/jornalsemanal.com\/hu\/adatvedelmi-iranyelvek\/\" \/>\n<meta property=\"og:site_name\" content=\"Jornal Semanal\" \/>\n<meta property=\"article:modified_time\" content=\"2023-03-15T22:30:41+00:00\" \/>\n<meta name=\"twitter:card\" content=\"summary_large_image\" \/>\n<meta name=\"twitter:label1\" content=\"Becs\u00fclt olvas\u00e1si id\u0151\" \/>\n\t<meta name=\"twitter:data1\" content=\"3 perc\" \/>\n<script type=\"application\/ld+json\" class=\"yoast-schema-graph\">{\"@context\":\"https:\/\/schema.org\",\"@graph\":[{\"@type\":\"WebPage\",\"@id\":\"https:\/\/jornalsemanal.com\/politica-de-privacidade\/\",\"url\":\"https:\/\/jornalsemanal.com\/politica-de-privacidade\/\",\"name\":\"Pol\u00edtica de Privacidade - Jornal Semanal\",\"isPartOf\":{\"@id\":\"https:\/\/jornalsemanal.com\/#website\"},\"datePublished\":\"2022-09-06T14:06:39+00:00\",\"dateModified\":\"2023-03-15T22:30:41+00:00\",\"breadcrumb\":{\"@id\":\"https:\/\/jornalsemanal.com\/politica-de-privacidade\/#breadcrumb\"},\"inLanguage\":\"hu\",\"potentialAction\":[{\"@type\":\"ReadAction\",\"target\":[\"https:\/\/jornalsemanal.com\/politica-de-privacidade\/\"]}]},{\"@type\":\"BreadcrumbList\",\"@id\":\"https:\/\/jornalsemanal.com\/politica-de-privacidade\/#breadcrumb\",\"itemListElement\":[{\"@type\":\"ListItem\",\"position\":1,\"name\":\"In\u00edcio\",\"item\":\"https:\/\/jornalsemanal.com\/\"},{\"@type\":\"ListItem\",\"position\":2,\"name\":\"Pol\u00edtica de Privacidade\"}]},{\"@type\":\"WebSite\",\"@id\":\"https:\/\/jornalsemanal.com\/#website\",\"url\":\"https:\/\/jornalsemanal.com\/\",\"name\":\"Jornal Semanal\",\"description\":\"Seja bem vindo (a) ao nosso jornal tecnol\u00f3gico.\",\"potentialAction\":[{\"@type\":\"SearchAction\",\"target\":{\"@type\":\"EntryPoint\",\"urlTemplate\":\"https:\/\/jornalsemanal.com\/?s={search_term_string}\"},\"query-input\":{\"@type\":\"PropertyValueSpecification\",\"valueRequired\":true,\"valueName\":\"search_term_string\"}}],\"inLanguage\":\"hu\"}]}<\/script>\n<!-- \/ Yoast SEO plugin. -->","yoast_head_json":{"title":"Adatv\u00e9delmi szab\u00e1lyzat \u2013 Jornal Semanal","robots":{"index":"index","follow":"follow","max-snippet":"max-snippet:-1","max-image-preview":"max-image-preview:large","max-video-preview":"max-video-preview:-1"},"canonical":"https:\/\/jornalsemanal.com\/hu\/adatvedelmi-iranyelvek\/","og_locale":"hu_HU","og_type":"article","og_title":"Pol\u00edtica de Privacidade - Jornal Semanal","og_description":"O Jornal Semanal est\u00e1 lutando para sempre cuidar melhor de seus dados. Dessa forma, ao longo dessa p\u00e1gina, voc\u00ea poder\u00e1 entender um pouco mais sobre como funciona esse processo. Leia com calma e aten\u00e7\u00e3o todos os pontos para que possa concordar com os cookies do site. N\u00e3o queremos compartilhar suas informa\u00e7\u00f5es com ningu\u00e9m, eles servem [&hellip;]","og_url":"https:\/\/jornalsemanal.com\/hu\/adatvedelmi-iranyelvek\/","og_site_name":"Jornal Semanal","article_modified_time":"2023-03-15T22:30:41+00:00","twitter_card":"summary_large_image","twitter_misc":{"Becs\u00fclt olvas\u00e1si id\u0151":"3 perc"},"schema":{"@context":"https:\/\/schema.org","@graph":[{"@type":"WebPage","@id":"https:\/\/jornalsemanal.com\/politica-de-privacidade\/","url":"https:\/\/jornalsemanal.com\/politica-de-privacidade\/","name":"Adatv\u00e9delmi szab\u00e1lyzat \u2013 Jornal Semanal","isPartOf":{"@id":"https:\/\/jornalsemanal.com\/#website"},"datePublished":"2022-09-06T14:06:39+00:00","dateModified":"2023-03-15T22:30:41+00:00","breadcrumb":{"@id":"https:\/\/jornalsemanal.com\/politica-de-privacidade\/#breadcrumb"},"inLanguage":"hu","potentialAction":[{"@type":"ReadAction","target":["https:\/\/jornalsemanal.com\/politica-de-privacidade\/"]}]},{"@type":"BreadcrumbList","@id":"https:\/\/jornalsemanal.com\/politica-de-privacidade\/#breadcrumb","itemListElement":[{"@type":"ListItem","position":1,"name":"In\u00edcio","item":"https:\/\/jornalsemanal.com\/"},{"@type":"ListItem","position":2,"name":"Pol\u00edtica de Privacidade"}]},{"@type":"WebSite","@id":"https:\/\/jornalsemanal.com\/#website","url":"https:\/\/jornalsemanal.com\/","name":"Heti \u00dajs\u00e1g","description":"\u00dcdv\u00f6z\u00f6lj\u00fck technol\u00f3giai \u00fajs\u00e1gunkban.","potentialAction":[{"@type":"SearchAction","target":{"@type":"EntryPoint","urlTemplate":"https:\/\/jornalsemanal.com\/?s={search_term_string}"},"query-input":{"@type":"PropertyValueSpecification","valueRequired":true,"valueName":"search_term_string"}}],"inLanguage":"hu"}]}},"_links":{"self":[{"href":"https:\/\/jornalsemanal.com\/hu\/wp-json\/wp\/v2\/pages\/314","targetHints":{"allow":["GET"]}}],"collection":[{"href":"https:\/\/jornalsemanal.com\/hu\/wp-json\/wp\/v2\/pages"}],"about":[{"href":"https:\/\/jornalsemanal.com\/hu\/wp-json\/wp\/v2\/types\/page"}],"author":[{"embeddable":true,"href":"https:\/\/jornalsemanal.com\/hu\/wp-json\/wp\/v2\/users\/1"}],"replies":[{"embeddable":true,"href":"https:\/\/jornalsemanal.com\/hu\/wp-json\/wp\/v2\/comments?post=314"}],"version-history":[{"count":2,"href":"https:\/\/jornalsemanal.com\/hu\/wp-json\/wp\/v2\/pages\/314\/revisions"}],"predecessor-version":[{"id":820,"href":"https:\/\/jornalsemanal.com\/hu\/wp-json\/wp\/v2\/pages\/314\/revisions\/820"}],"wp:attachment":[{"href":"https:\/\/jornalsemanal.com\/hu\/wp-json\/wp\/v2\/media?parent=314"}],"curies":[{"name":"wp","href":"https:\/\/api.w.org\/{rel}","templated":true}]}}