{"id":318,"date":"2022-09-06T14:09:58","date_gmt":"2022-09-06T14:09:58","guid":{"rendered":"https:\/\/jornalsemanal.com\/?page_id=318"},"modified":"2022-10-28T13:22:01","modified_gmt":"2022-10-28T13:22:01","slug":"kik-vagyunk","status":"publish","type":"page","link":"https:\/\/jornalsemanal.com\/hu\/kik-vagyunk\/","title":{"rendered":"Kik vagyunk"},"content":{"rendered":"<p>O <a href=\"https:\/\/jornalsemanal.com\/\">Heti \u00dajs\u00e1g<\/a> egy olyan port\u00e1l, amely \u00e9rt\u00e9keli tartalm\u00e1nak min\u0151s\u00e9g\u00e9t. Weboldalunkon t\u00f6bb kateg\u00f3ri\u00e1t is tal\u00e1lhat, k\u00fcl\u00f6nb\u00f6z\u0151 t\u00e9m\u00e1kban, \u00edgy k\u00f6z\u00f6ns\u00e9g\u00fcnk j\u00f3l inform\u00e1ltan t\u00e1vozik innen.<\/p>\n<p>Manaps\u00e1g a technol\u00f3gia mindenhol jelen van, \u00e9s csapatunk helyesen haszn\u00e1lja azt, hogy mindenkihez eljuttasson inform\u00e1ci\u00f3kat.<\/p>\n<p>O <a href=\"https:\/\/jornalsemanal.com\/\">Heti \u00dajs\u00e1g<\/a> hajland\u00f3 folyamatosan k\u00fczdeni a h\u00edres \u201e\u00e1lh\u00edrekkel\u201d is. Ez\u00e9rt van egy olyan \u00edr\u00f3csapatunk, amely k\u00e9pes\u00edtett csak \u00e9rdekes tartalommal t\u00e1j\u00e9koztatni a nyilv\u00e1noss\u00e1got.<\/p>","protected":false},"excerpt":{"rendered":"<p>O Jornal Semanal \u00e9 um portal que preza pela qualidade do seu conte\u00fado. Em nosso site, \u00e9 poss\u00edvel encontrar v\u00e1rias categorias, de diferentes assuntos, para que nosso p\u00fablico saia daqui bem informado. Hoje em dia, a tecnologia est\u00e1 por toda a parte e nossa equipe a usa corretamente para levar informa\u00e7\u00e3o para todos. O Jornal [&hellip;]<\/p>","protected":false},"author":1,"featured_media":0,"parent":0,"menu_order":0,"comment_status":"closed","ping_status":"closed","template":"","meta":{"footnotes":""},"class_list":["post-318","page","type-page","status-publish"],"yoast_head":"<!-- This site is optimized with the Yoast SEO plugin v26.4 - https:\/\/yoast.com\/wordpress\/plugins\/seo\/ -->\n<title>Quem Somos - Jornal Semanal<\/title>\n<meta name=\"robots\" content=\"index, follow, max-snippet:-1, max-image-preview:large, max-video-preview:-1\" \/>\n<link rel=\"canonical\" href=\"https:\/\/jornalsemanal.com\/hu\/kik-vagyunk\/\" \/>\n<meta property=\"og:locale\" content=\"hu_HU\" \/>\n<meta property=\"og:type\" content=\"article\" \/>\n<meta property=\"og:title\" content=\"Quem Somos - Jornal Semanal\" \/>\n<meta property=\"og:description\" content=\"O Jornal Semanal \u00e9 um portal que preza pela qualidade do seu conte\u00fado. Em nosso site, \u00e9 poss\u00edvel encontrar v\u00e1rias categorias, de diferentes assuntos, para que nosso p\u00fablico saia daqui bem informado. Hoje em dia, a tecnologia est\u00e1 por toda a parte e nossa equipe a usa corretamente para levar informa\u00e7\u00e3o para todos. O Jornal [&hellip;]\" \/>\n<meta property=\"og:url\" content=\"https:\/\/jornalsemanal.com\/hu\/kik-vagyunk\/\" \/>\n<meta property=\"og:site_name\" content=\"Jornal Semanal\" \/>\n<meta property=\"article:modified_time\" content=\"2022-10-28T13:22:01+00:00\" \/>\n<meta name=\"twitter:card\" content=\"summary_large_image\" \/>\n<meta name=\"twitter:label1\" content=\"Becs\u00fclt olvas\u00e1si id\u0151\" \/>\n\t<meta name=\"twitter:data1\" content=\"1 perc\" \/>\n<script type=\"application\/ld+json\" class=\"yoast-schema-graph\">{\"@context\":\"https:\/\/schema.org\",\"@graph\":[{\"@type\":\"WebPage\",\"@id\":\"https:\/\/jornalsemanal.com\/quem-somos\/\",\"url\":\"https:\/\/jornalsemanal.com\/quem-somos\/\",\"name\":\"Quem Somos - Jornal Semanal\",\"isPartOf\":{\"@id\":\"https:\/\/jornalsemanal.com\/#website\"},\"datePublished\":\"2022-09-06T14:09:58+00:00\",\"dateModified\":\"2022-10-28T13:22:01+00:00\",\"breadcrumb\":{\"@id\":\"https:\/\/jornalsemanal.com\/quem-somos\/#breadcrumb\"},\"inLanguage\":\"hu\",\"potentialAction\":[{\"@type\":\"ReadAction\",\"target\":[\"https:\/\/jornalsemanal.com\/quem-somos\/\"]}]},{\"@type\":\"BreadcrumbList\",\"@id\":\"https:\/\/jornalsemanal.com\/quem-somos\/#breadcrumb\",\"itemListElement\":[{\"@type\":\"ListItem\",\"position\":1,\"name\":\"In\u00edcio\",\"item\":\"https:\/\/jornalsemanal.com\/\"},{\"@type\":\"ListItem\",\"position\":2,\"name\":\"Quem Somos\"}]},{\"@type\":\"WebSite\",\"@id\":\"https:\/\/jornalsemanal.com\/#website\",\"url\":\"https:\/\/jornalsemanal.com\/\",\"name\":\"Jornal Semanal\",\"description\":\"Seja bem vindo (a) ao nosso jornal tecnol\u00f3gico.\",\"potentialAction\":[{\"@type\":\"SearchAction\",\"target\":{\"@type\":\"EntryPoint\",\"urlTemplate\":\"https:\/\/jornalsemanal.com\/?s={search_term_string}\"},\"query-input\":{\"@type\":\"PropertyValueSpecification\",\"valueRequired\":true,\"valueName\":\"search_term_string\"}}],\"inLanguage\":\"hu\"}]}<\/script>\n<!-- \/ Yoast SEO plugin. -->","yoast_head_json":{"title":"Kik vagyunk \u2013 Heti \u00dajs\u00e1g","robots":{"index":"index","follow":"follow","max-snippet":"max-snippet:-1","max-image-preview":"max-image-preview:large","max-video-preview":"max-video-preview:-1"},"canonical":"https:\/\/jornalsemanal.com\/hu\/kik-vagyunk\/","og_locale":"hu_HU","og_type":"article","og_title":"Quem Somos - Jornal Semanal","og_description":"O Jornal Semanal \u00e9 um portal que preza pela qualidade do seu conte\u00fado. Em nosso site, \u00e9 poss\u00edvel encontrar v\u00e1rias categorias, de diferentes assuntos, para que nosso p\u00fablico saia daqui bem informado. Hoje em dia, a tecnologia est\u00e1 por toda a parte e nossa equipe a usa corretamente para levar informa\u00e7\u00e3o para todos. O Jornal [&hellip;]","og_url":"https:\/\/jornalsemanal.com\/hu\/kik-vagyunk\/","og_site_name":"Jornal Semanal","article_modified_time":"2022-10-28T13:22:01+00:00","twitter_card":"summary_large_image","twitter_misc":{"Becs\u00fclt olvas\u00e1si id\u0151":"1 perc"},"schema":{"@context":"https:\/\/schema.org","@graph":[{"@type":"WebPage","@id":"https:\/\/jornalsemanal.com\/quem-somos\/","url":"https:\/\/jornalsemanal.com\/quem-somos\/","name":"Kik vagyunk \u2013 Heti \u00dajs\u00e1g","isPartOf":{"@id":"https:\/\/jornalsemanal.com\/#website"},"datePublished":"2022-09-06T14:09:58+00:00","dateModified":"2022-10-28T13:22:01+00:00","breadcrumb":{"@id":"https:\/\/jornalsemanal.com\/quem-somos\/#breadcrumb"},"inLanguage":"hu","potentialAction":[{"@type":"ReadAction","target":["https:\/\/jornalsemanal.com\/quem-somos\/"]}]},{"@type":"BreadcrumbList","@id":"https:\/\/jornalsemanal.com\/quem-somos\/#breadcrumb","itemListElement":[{"@type":"ListItem","position":1,"name":"In\u00edcio","item":"https:\/\/jornalsemanal.com\/"},{"@type":"ListItem","position":2,"name":"Quem Somos"}]},{"@type":"WebSite","@id":"https:\/\/jornalsemanal.com\/#website","url":"https:\/\/jornalsemanal.com\/","name":"Heti \u00dajs\u00e1g","description":"\u00dcdv\u00f6z\u00f6lj\u00fck technol\u00f3giai \u00fajs\u00e1gunkban.","potentialAction":[{"@type":"SearchAction","target":{"@type":"EntryPoint","urlTemplate":"https:\/\/jornalsemanal.com\/?s={search_term_string}"},"query-input":{"@type":"PropertyValueSpecification","valueRequired":true,"valueName":"search_term_string"}}],"inLanguage":"hu"}]}},"_links":{"self":[{"href":"https:\/\/jornalsemanal.com\/hu\/wp-json\/wp\/v2\/pages\/318","targetHints":{"allow":["GET"]}}],"collection":[{"href":"https:\/\/jornalsemanal.com\/hu\/wp-json\/wp\/v2\/pages"}],"about":[{"href":"https:\/\/jornalsemanal.com\/hu\/wp-json\/wp\/v2\/types\/page"}],"author":[{"embeddable":true,"href":"https:\/\/jornalsemanal.com\/hu\/wp-json\/wp\/v2\/users\/1"}],"replies":[{"embeddable":true,"href":"https:\/\/jornalsemanal.com\/hu\/wp-json\/wp\/v2\/comments?post=318"}],"version-history":[{"count":1,"href":"https:\/\/jornalsemanal.com\/hu\/wp-json\/wp\/v2\/pages\/318\/revisions"}],"predecessor-version":[{"id":789,"href":"https:\/\/jornalsemanal.com\/hu\/wp-json\/wp\/v2\/pages\/318\/revisions\/789"}],"wp:attachment":[{"href":"https:\/\/jornalsemanal.com\/hu\/wp-json\/wp\/v2\/media?parent=318"}],"curies":[{"name":"wp","href":"https:\/\/api.w.org\/{rel}","templated":true}]}}