{"id":316,"date":"2022-09-06T14:09:09","date_gmt":"2022-09-06T14:09:09","guid":{"rendered":"https:\/\/jornalsemanal.com\/?page_id=316"},"modified":"2022-10-28T13:22:37","modified_gmt":"2022-10-28T13:22:37","slug":"warunki-korzystania","status":"publish","type":"page","link":"https:\/\/jornalsemanal.com\/pl\/warunki-korzystania\/","title":{"rendered":"Warunki korzystania"},"content":{"rendered":"<p>Wa\u017cne jest, aby dok\u0142adnie przeczyta\u0107 t\u0119 stron\u0119. Je\u015bli nie zgadzasz si\u0119 z kt\u00f3rymkolwiek punktem, natychmiast opu\u015b\u0107 witryn\u0119.<\/p>\n<p>Tak naprawd\u0119 ta strona zawiera zasady bezpiecznej relacji pomi\u0119dzy serwisem a u\u017cytkownikiem. Wraz ze stron\u0105 z polityk\u0105 prywatno\u015bci warunki korzystania musz\u0105 zosta\u0107 wsp\u00f3lnie uzgodnione.<\/p>\n<p>Korzystanie z tej witryny internetowej podlega nast\u0119puj\u0105cym warunkom u\u017cytkowania:<\/p>\n<ul>\n<li>Strony z zawarto\u015bci\u0105 mog\u0105 podlega\u0107 zmianom bez wcze\u015bniejszego powiadomienia.<\/li>\n<li>Nasz zesp\u00f3\u0142 w \u017cadnym momencie nie gwarantuje, \u017ce informacje zawarte na tej stronie s\u0105 unikalne i ca\u0142kowicie prawdziwe. Niekt\u00f3re dane mog\u0105 r\u00f3\u017cni\u0107 si\u0119 od danych innych portali.<\/li>\n<li>Je\u017celi skorzystasz z materia\u0142\u00f3w znajduj\u0105cych si\u0119 na naszym portalu, nie ponosimy odpowiedzialno\u015bci za skutki tego.<\/li>\n<li>W artyku\u0142ach na naszej stronie internetowej mo\u017cna znale\u017a\u0107 linki do blog\u00f3w stron trzecich. Nie odpowiadamy za warunki korzystania i polityk\u0119 prywatno\u015bci tych stron, dlatego prosimy o ich zapoznanie si\u0119.<\/li>\n<\/ul>","protected":false},"excerpt":{"rendered":"<p>\u00c9 importante que voc\u00ea leia essa p\u00e1gina com aten\u00e7\u00e3o. Caso n\u00e3o concorde com algum ponto, deixe o site imediatamente. De fato, essa p\u00e1gina cont\u00e9m as regras para um relacionamento seguro entre o site e o usu\u00e1rio. Juntamente com a p\u00e1gina de pol\u00edtica de privacidade, os termos de uso devem ser de comum acordo. O uso [&hellip;]<\/p>","protected":false},"author":1,"featured_media":0,"parent":0,"menu_order":0,"comment_status":"closed","ping_status":"closed","template":"","meta":{"footnotes":""},"class_list":["post-316","page","type-page","status-publish"],"yoast_head":"<!-- This site is optimized with the Yoast SEO plugin v26.4 - https:\/\/yoast.com\/wordpress\/plugins\/seo\/ -->\n<title>Termos de Uso - Jornal Semanal<\/title>\n<meta name=\"robots\" content=\"index, follow, max-snippet:-1, max-image-preview:large, max-video-preview:-1\" \/>\n<link rel=\"canonical\" href=\"https:\/\/jornalsemanal.com\/pl\/warunki-korzystania\/\" \/>\n<meta property=\"og:locale\" content=\"pl_PL\" \/>\n<meta property=\"og:type\" content=\"article\" \/>\n<meta property=\"og:title\" content=\"Termos de Uso - Jornal Semanal\" \/>\n<meta property=\"og:description\" content=\"\u00c9 importante que voc\u00ea leia essa p\u00e1gina com aten\u00e7\u00e3o. Caso n\u00e3o concorde com algum ponto, deixe o site imediatamente. De fato, essa p\u00e1gina cont\u00e9m as regras para um relacionamento seguro entre o site e o usu\u00e1rio. Juntamente com a p\u00e1gina de pol\u00edtica de privacidade, os termos de uso devem ser de comum acordo. O uso [&hellip;]\" \/>\n<meta property=\"og:url\" content=\"https:\/\/jornalsemanal.com\/pl\/warunki-korzystania\/\" \/>\n<meta property=\"og:site_name\" content=\"Jornal Semanal\" \/>\n<meta property=\"article:modified_time\" content=\"2022-10-28T13:22:37+00:00\" \/>\n<meta name=\"twitter:card\" content=\"summary_large_image\" \/>\n<meta name=\"twitter:label1\" content=\"Szacowany czas czytania\" \/>\n\t<meta name=\"twitter:data1\" content=\"1 minuta\" \/>\n<script type=\"application\/ld+json\" class=\"yoast-schema-graph\">{\"@context\":\"https:\/\/schema.org\",\"@graph\":[{\"@type\":\"WebPage\",\"@id\":\"https:\/\/jornalsemanal.com\/termos-de-uso\/\",\"url\":\"https:\/\/jornalsemanal.com\/termos-de-uso\/\",\"name\":\"Termos de Uso - Jornal Semanal\",\"isPartOf\":{\"@id\":\"https:\/\/jornalsemanal.com\/#website\"},\"datePublished\":\"2022-09-06T14:09:09+00:00\",\"dateModified\":\"2022-10-28T13:22:37+00:00\",\"breadcrumb\":{\"@id\":\"https:\/\/jornalsemanal.com\/termos-de-uso\/#breadcrumb\"},\"inLanguage\":\"pl-PL\",\"potentialAction\":[{\"@type\":\"ReadAction\",\"target\":[\"https:\/\/jornalsemanal.com\/termos-de-uso\/\"]}]},{\"@type\":\"BreadcrumbList\",\"@id\":\"https:\/\/jornalsemanal.com\/termos-de-uso\/#breadcrumb\",\"itemListElement\":[{\"@type\":\"ListItem\",\"position\":1,\"name\":\"In\u00edcio\",\"item\":\"https:\/\/jornalsemanal.com\/\"},{\"@type\":\"ListItem\",\"position\":2,\"name\":\"Termos de Uso\"}]},{\"@type\":\"WebSite\",\"@id\":\"https:\/\/jornalsemanal.com\/#website\",\"url\":\"https:\/\/jornalsemanal.com\/\",\"name\":\"Jornal Semanal\",\"description\":\"Seja bem vindo (a) ao nosso jornal tecnol\u00f3gico.\",\"potentialAction\":[{\"@type\":\"SearchAction\",\"target\":{\"@type\":\"EntryPoint\",\"urlTemplate\":\"https:\/\/jornalsemanal.com\/?s={search_term_string}\"},\"query-input\":{\"@type\":\"PropertyValueSpecification\",\"valueRequired\":true,\"valueName\":\"search_term_string\"}}],\"inLanguage\":\"pl-PL\"}]}<\/script>\n<!-- \/ Yoast SEO plugin. -->","yoast_head_json":{"title":"Regulamin korzystania z Gazety Tygodniowej","robots":{"index":"index","follow":"follow","max-snippet":"max-snippet:-1","max-image-preview":"max-image-preview:large","max-video-preview":"max-video-preview:-1"},"canonical":"https:\/\/jornalsemanal.com\/pl\/warunki-korzystania\/","og_locale":"pl_PL","og_type":"article","og_title":"Termos de Uso - Jornal Semanal","og_description":"\u00c9 importante que voc\u00ea leia essa p\u00e1gina com aten\u00e7\u00e3o. Caso n\u00e3o concorde com algum ponto, deixe o site imediatamente. De fato, essa p\u00e1gina cont\u00e9m as regras para um relacionamento seguro entre o site e o usu\u00e1rio. Juntamente com a p\u00e1gina de pol\u00edtica de privacidade, os termos de uso devem ser de comum acordo. O uso [&hellip;]","og_url":"https:\/\/jornalsemanal.com\/pl\/warunki-korzystania\/","og_site_name":"Jornal Semanal","article_modified_time":"2022-10-28T13:22:37+00:00","twitter_card":"summary_large_image","twitter_misc":{"Szacowany czas czytania":"1 minuta"},"schema":{"@context":"https:\/\/schema.org","@graph":[{"@type":"WebPage","@id":"https:\/\/jornalsemanal.com\/termos-de-uso\/","url":"https:\/\/jornalsemanal.com\/termos-de-uso\/","name":"Regulamin korzystania z Gazety Tygodniowej","isPartOf":{"@id":"https:\/\/jornalsemanal.com\/#website"},"datePublished":"2022-09-06T14:09:09+00:00","dateModified":"2022-10-28T13:22:37+00:00","breadcrumb":{"@id":"https:\/\/jornalsemanal.com\/termos-de-uso\/#breadcrumb"},"inLanguage":"pl-PL","potentialAction":[{"@type":"ReadAction","target":["https:\/\/jornalsemanal.com\/termos-de-uso\/"]}]},{"@type":"BreadcrumbList","@id":"https:\/\/jornalsemanal.com\/termos-de-uso\/#breadcrumb","itemListElement":[{"@type":"ListItem","position":1,"name":"In\u00edcio","item":"https:\/\/jornalsemanal.com\/"},{"@type":"ListItem","position":2,"name":"Termos de Uso"}]},{"@type":"WebSite","@id":"https:\/\/jornalsemanal.com\/#website","url":"https:\/\/jornalsemanal.com\/","name":"Tygodnik","description":"Witamy w naszej gazecie technologicznej.","potentialAction":[{"@type":"SearchAction","target":{"@type":"EntryPoint","urlTemplate":"https:\/\/jornalsemanal.com\/?s={search_term_string}"},"query-input":{"@type":"PropertyValueSpecification","valueRequired":true,"valueName":"search_term_string"}}],"inLanguage":"pl-PL"}]}},"_links":{"self":[{"href":"https:\/\/jornalsemanal.com\/pl\/wp-json\/wp\/v2\/pages\/316","targetHints":{"allow":["GET"]}}],"collection":[{"href":"https:\/\/jornalsemanal.com\/pl\/wp-json\/wp\/v2\/pages"}],"about":[{"href":"https:\/\/jornalsemanal.com\/pl\/wp-json\/wp\/v2\/types\/page"}],"author":[{"embeddable":true,"href":"https:\/\/jornalsemanal.com\/pl\/wp-json\/wp\/v2\/users\/1"}],"replies":[{"embeddable":true,"href":"https:\/\/jornalsemanal.com\/pl\/wp-json\/wp\/v2\/comments?post=316"}],"version-history":[{"count":1,"href":"https:\/\/jornalsemanal.com\/pl\/wp-json\/wp\/v2\/pages\/316\/revisions"}],"predecessor-version":[{"id":790,"href":"https:\/\/jornalsemanal.com\/pl\/wp-json\/wp\/v2\/pages\/316\/revisions\/790"}],"wp:attachment":[{"href":"https:\/\/jornalsemanal.com\/pl\/wp-json\/wp\/v2\/media?parent=316"}],"curies":[{"name":"wp","href":"https:\/\/api.w.org\/{rel}","templated":true}]}}