{"id":316,"date":"2022-09-06T14:09:09","date_gmt":"2022-09-06T14:09:09","guid":{"rendered":"https:\/\/jornalsemanal.com\/?page_id=316"},"modified":"2022-10-28T13:22:37","modified_gmt":"2022-10-28T13:22:37","slug":"termos-de-uso","status":"publish","type":"page","link":"https:\/\/jornalsemanal.com\/uk\/termos-de-uso\/","title":{"rendered":"\u0423\u043c\u043e\u0432\u0438 \u0432\u0438\u043a\u043e\u0440\u0438\u0441\u0442\u0430\u043d\u043d\u044f"},"content":{"rendered":"<p>\u00c9 importante que voc\u00ea leia essa p\u00e1gina com aten\u00e7\u00e3o. Caso n\u00e3o concorde com algum ponto, deixe o site imediatamente.<\/p>\n<p>De fato, essa p\u00e1gina cont\u00e9m as regras para um relacionamento seguro entre o site e o usu\u00e1rio. Juntamente com a p\u00e1gina de pol\u00edtica de privacidade, os termos de uso devem ser de comum acordo.<\/p>\n<p>O uso deste site est\u00e1 sujeito aos seguintes termos de uso:<\/p>\n<ul>\n<li>As p\u00e1ginas de conte\u00fado podem sofrer altera\u00e7\u00f5es sem nenhum tipo de aviso anterior.<\/li>\n<li>A nossa equipe n\u00e3o garante, em nenhum momento, que as informa\u00e7\u00f5es presentes nesse site s\u00e3o \u00fanicas e inteiramente verdadeiras. Alguns dados podem divergir de outros portais.<\/li>\n<li>Se voc\u00ea fizer uso do material que est\u00e1 dentro de nosso portal, n\u00e3o nos responsabilizamos pelas consequ\u00eancias disso.<\/li>\n<li>Ao longo dos artigos de nosso site, \u00e9 poss\u00edvel encontrar links para blogs terceiros. N\u00e3o nos responsabilizamos pelos termos de uso e pol\u00edtica de privacidade desses sites, por isso, lembre-se de l\u00ea-las.<\/li>\n<\/ul>","protected":false},"excerpt":{"rendered":"<p>\u00c9 importante que voc\u00ea leia essa p\u00e1gina com aten\u00e7\u00e3o. Caso n\u00e3o concorde com algum ponto, deixe o site imediatamente. De fato, essa p\u00e1gina cont\u00e9m as regras para um relacionamento seguro entre o site e o usu\u00e1rio. Juntamente com a p\u00e1gina de pol\u00edtica de privacidade, os termos de uso devem ser de comum acordo. O uso [&hellip;]<\/p>","protected":false},"author":1,"featured_media":0,"parent":0,"menu_order":0,"comment_status":"closed","ping_status":"closed","template":"","meta":{"footnotes":""},"class_list":["post-316","page","type-page","status-publish"],"yoast_head":"<!-- This site is optimized with the Yoast SEO plugin v26.4 - https:\/\/yoast.com\/wordpress\/plugins\/seo\/ -->\n<title>Termos de Uso - Jornal Semanal<\/title>\n<meta name=\"robots\" content=\"index, follow, max-snippet:-1, max-image-preview:large, max-video-preview:-1\" \/>\n<link rel=\"canonical\" href=\"https:\/\/jornalsemanal.com\/uk\/termos-de-uso\/\" \/>\n<meta property=\"og:locale\" content=\"uk_UA\" \/>\n<meta property=\"og:type\" content=\"article\" \/>\n<meta property=\"og:title\" content=\"Termos de Uso - Jornal Semanal\" \/>\n<meta property=\"og:description\" content=\"\u00c9 importante que voc\u00ea leia essa p\u00e1gina com aten\u00e7\u00e3o. Caso n\u00e3o concorde com algum ponto, deixe o site imediatamente. De fato, essa p\u00e1gina cont\u00e9m as regras para um relacionamento seguro entre o site e o usu\u00e1rio. Juntamente com a p\u00e1gina de pol\u00edtica de privacidade, os termos de uso devem ser de comum acordo. O uso [&hellip;]\" \/>\n<meta property=\"og:url\" content=\"https:\/\/jornalsemanal.com\/uk\/termos-de-uso\/\" \/>\n<meta property=\"og:site_name\" content=\"Jornal Semanal\" \/>\n<meta property=\"article:modified_time\" content=\"2022-10-28T13:22:37+00:00\" \/>\n<meta name=\"twitter:card\" content=\"summary_large_image\" \/>\n<meta name=\"twitter:label1\" content=\"\u041f\u0440\u0438\u0431\u043b. \u0447\u0430\u0441 \u0447\u0438\u0442\u0430\u043d\u043d\u044f\" \/>\n\t<meta name=\"twitter:data1\" content=\"1 \u0445\u0432\u0438\u043b\u0438\u043d\u0430\" \/>\n<script type=\"application\/ld+json\" class=\"yoast-schema-graph\">{\"@context\":\"https:\/\/schema.org\",\"@graph\":[{\"@type\":\"WebPage\",\"@id\":\"https:\/\/jornalsemanal.com\/termos-de-uso\/\",\"url\":\"https:\/\/jornalsemanal.com\/termos-de-uso\/\",\"name\":\"Termos de Uso - Jornal Semanal\",\"isPartOf\":{\"@id\":\"https:\/\/jornalsemanal.com\/#website\"},\"datePublished\":\"2022-09-06T14:09:09+00:00\",\"dateModified\":\"2022-10-28T13:22:37+00:00\",\"breadcrumb\":{\"@id\":\"https:\/\/jornalsemanal.com\/termos-de-uso\/#breadcrumb\"},\"inLanguage\":\"uk\",\"potentialAction\":[{\"@type\":\"ReadAction\",\"target\":[\"https:\/\/jornalsemanal.com\/termos-de-uso\/\"]}]},{\"@type\":\"BreadcrumbList\",\"@id\":\"https:\/\/jornalsemanal.com\/termos-de-uso\/#breadcrumb\",\"itemListElement\":[{\"@type\":\"ListItem\",\"position\":1,\"name\":\"In\u00edcio\",\"item\":\"https:\/\/jornalsemanal.com\/\"},{\"@type\":\"ListItem\",\"position\":2,\"name\":\"Termos de Uso\"}]},{\"@type\":\"WebSite\",\"@id\":\"https:\/\/jornalsemanal.com\/#website\",\"url\":\"https:\/\/jornalsemanal.com\/\",\"name\":\"Jornal Semanal\",\"description\":\"Seja bem vindo (a) ao nosso jornal tecnol\u00f3gico.\",\"potentialAction\":[{\"@type\":\"SearchAction\",\"target\":{\"@type\":\"EntryPoint\",\"urlTemplate\":\"https:\/\/jornalsemanal.com\/?s={search_term_string}\"},\"query-input\":{\"@type\":\"PropertyValueSpecification\",\"valueRequired\":true,\"valueName\":\"search_term_string\"}}],\"inLanguage\":\"uk\"}]}<\/script>\n<!-- \/ Yoast SEO plugin. -->","yoast_head_json":{"title":"Termos de Uso - Jornal Semanal","robots":{"index":"index","follow":"follow","max-snippet":"max-snippet:-1","max-image-preview":"max-image-preview:large","max-video-preview":"max-video-preview:-1"},"canonical":"https:\/\/jornalsemanal.com\/uk\/termos-de-uso\/","og_locale":"uk_UA","og_type":"article","og_title":"Termos de Uso - Jornal Semanal","og_description":"\u00c9 importante que voc\u00ea leia essa p\u00e1gina com aten\u00e7\u00e3o. Caso n\u00e3o concorde com algum ponto, deixe o site imediatamente. De fato, essa p\u00e1gina cont\u00e9m as regras para um relacionamento seguro entre o site e o usu\u00e1rio. Juntamente com a p\u00e1gina de pol\u00edtica de privacidade, os termos de uso devem ser de comum acordo. O uso [&hellip;]","og_url":"https:\/\/jornalsemanal.com\/uk\/termos-de-uso\/","og_site_name":"Jornal Semanal","article_modified_time":"2022-10-28T13:22:37+00:00","twitter_card":"summary_large_image","twitter_misc":{"\u041f\u0440\u0438\u0431\u043b. \u0447\u0430\u0441 \u0447\u0438\u0442\u0430\u043d\u043d\u044f":"1 \u0445\u0432\u0438\u043b\u0438\u043d\u0430"},"schema":{"@context":"https:\/\/schema.org","@graph":[{"@type":"WebPage","@id":"https:\/\/jornalsemanal.com\/termos-de-uso\/","url":"https:\/\/jornalsemanal.com\/termos-de-uso\/","name":"Termos de Uso - Jornal Semanal","isPartOf":{"@id":"https:\/\/jornalsemanal.com\/#website"},"datePublished":"2022-09-06T14:09:09+00:00","dateModified":"2022-10-28T13:22:37+00:00","breadcrumb":{"@id":"https:\/\/jornalsemanal.com\/termos-de-uso\/#breadcrumb"},"inLanguage":"uk","potentialAction":[{"@type":"ReadAction","target":["https:\/\/jornalsemanal.com\/termos-de-uso\/"]}]},{"@type":"BreadcrumbList","@id":"https:\/\/jornalsemanal.com\/termos-de-uso\/#breadcrumb","itemListElement":[{"@type":"ListItem","position":1,"name":"In\u00edcio","item":"https:\/\/jornalsemanal.com\/"},{"@type":"ListItem","position":2,"name":"Termos de Uso"}]},{"@type":"WebSite","@id":"https:\/\/jornalsemanal.com\/#website","url":"https:\/\/jornalsemanal.com\/","name":"\u0429\u043e\u0442\u0438\u0436\u043d\u0435\u0432\u0430 \u0433\u0430\u0437\u0435\u0442\u0430","description":"\u041b\u0430\u0441\u043a\u0430\u0432\u043e \u043f\u0440\u043e\u0441\u0438\u043c\u043e \u0434\u043e \u043d\u0430\u0448\u043e\u0457 \u0442\u0435\u0445\u043d\u043e\u043b\u043e\u0433\u0456\u0447\u043d\u043e\u0457 \u0433\u0430\u0437\u0435\u0442\u0438.","potentialAction":[{"@type":"SearchAction","target":{"@type":"EntryPoint","urlTemplate":"https:\/\/jornalsemanal.com\/?s={search_term_string}"},"query-input":{"@type":"PropertyValueSpecification","valueRequired":true,"valueName":"search_term_string"}}],"inLanguage":"uk"}]}},"_links":{"self":[{"href":"https:\/\/jornalsemanal.com\/uk\/wp-json\/wp\/v2\/pages\/316","targetHints":{"allow":["GET"]}}],"collection":[{"href":"https:\/\/jornalsemanal.com\/uk\/wp-json\/wp\/v2\/pages"}],"about":[{"href":"https:\/\/jornalsemanal.com\/uk\/wp-json\/wp\/v2\/types\/page"}],"author":[{"embeddable":true,"href":"https:\/\/jornalsemanal.com\/uk\/wp-json\/wp\/v2\/users\/1"}],"replies":[{"embeddable":true,"href":"https:\/\/jornalsemanal.com\/uk\/wp-json\/wp\/v2\/comments?post=316"}],"version-history":[{"count":1,"href":"https:\/\/jornalsemanal.com\/uk\/wp-json\/wp\/v2\/pages\/316\/revisions"}],"predecessor-version":[{"id":790,"href":"https:\/\/jornalsemanal.com\/uk\/wp-json\/wp\/v2\/pages\/316\/revisions\/790"}],"wp:attachment":[{"href":"https:\/\/jornalsemanal.com\/uk\/wp-json\/wp\/v2\/media?parent=316"}],"curies":[{"name":"wp","href":"https:\/\/api.w.org\/{rel}","templated":true}]}}